{"id":22855,"date":"2021-01-11T16:55:15","date_gmt":"2021-01-11T15:55:15","guid":{"rendered":"https:\/\/diacorporate.com\/politica-de-cookies\/"},"modified":"2022-10-14T13:39:41","modified_gmt":"2022-10-14T11:39:41","slug":"cookies-policy","status":"publish","type":"page","link":"http:\/\/diacorporate.tribecamedia.com\/en\/cookies-policy\/","title":{"rendered":"Cookies Policy"},"content":{"rendered":"\t\t<div data-elementor-type=\"wp-page\" data-elementor-id=\"22855\" class=\"elementor elementor-22855 elementor-428\" data-elementor-post-type=\"page\">\n\t\t\t\t\t\t<section class=\"elementor-section elementor-top-section elementor-element elementor-element-403f5ce elementor-section-full_width elementor-section-height-default elementor-section-height-default\" data-id=\"403f5ce\" data-element_type=\"section\">\n\t\t\t\t\t\t<div class=\"elementor-container elementor-column-gap-no\">\n\t\t\t\t\t<div class=\"elementor-column elementor-col-100 elementor-top-column elementor-element elementor-element-d411ae1\" data-id=\"d411ae1\" data-element_type=\"column\">\n\t\t\t<div class=\"elementor-widget-wrap elementor-element-populated\">\n\t\t\t\t\t\t<div class=\"elementor-element elementor-element-2fa6f37 elementor-widget elementor-widget-heading\" data-id=\"2fa6f37\" data-element_type=\"widget\" data-widget_type=\"heading.default\">\n\t\t\t\t<div class=\"elementor-widget-container\">\n\t\t\t\t\t<h1 class=\"elementor-heading-title elementor-size-default\">Cookies Policy<\/h1>\t\t\t\t<\/div>\n\t\t\t\t<\/div>\n\t\t\t\t<div class=\"elementor-element elementor-element-5d1ba94 elementor-widget-divider--view-line elementor-widget elementor-widget-divider\" data-id=\"5d1ba94\" data-element_type=\"widget\" data-widget_type=\"divider.default\">\n\t\t\t\t<div class=\"elementor-widget-container\">\n\t\t\t\t\t\t\t<div class=\"elementor-divider\">\n\t\t\t<span class=\"elementor-divider-separator\">\n\t\t\t\t\t\t<\/span>\n\t\t<\/div>\n\t\t\t\t\t\t<\/div>\n\t\t\t\t<\/div>\n\t\t\t\t\t<\/div>\n\t\t<\/div>\n\t\t\t\t\t<\/div>\n\t\t<\/section>\n\t\t\t\t<section class=\"elementor-section elementor-top-section elementor-element elementor-element-1517d89 elementor-section-full_width elementor-section-height-default elementor-section-height-default\" data-id=\"1517d89\" data-element_type=\"section\">\n\t\t\t\t\t\t<div class=\"elementor-container elementor-column-gap-no\">\n\t\t\t\t\t<div class=\"elementor-column elementor-col-100 elementor-top-column elementor-element elementor-element-5530668\" data-id=\"5530668\" data-element_type=\"column\">\n\t\t\t<div class=\"elementor-widget-wrap elementor-element-populated\">\n\t\t\t\t\t\t<div class=\"elementor-element elementor-element-1ec0fcb elementor-widget elementor-widget-heading\" data-id=\"1ec0fcb\" data-element_type=\"widget\" data-widget_type=\"heading.default\">\n\t\t\t\t<div class=\"elementor-widget-container\">\n\t\t\t\t\t<h2 class=\"elementor-heading-title elementor-size-default\">Cookies Policy<\/h2>\t\t\t\t<\/div>\n\t\t\t\t<\/div>\n\t\t\t\t\t<\/div>\n\t\t<\/div>\n\t\t\t\t\t<\/div>\n\t\t<\/section>\n\t\t\t\t<section class=\"elementor-section elementor-top-section elementor-element elementor-element-28733fe7 elementor-section-full_width elementor-section-height-default elementor-section-height-default\" data-id=\"28733fe7\" data-element_type=\"section\" id=\"legal\">\n\t\t\t\t\t\t<div class=\"elementor-container elementor-column-gap-no\">\n\t\t\t\t\t<div class=\"elementor-column elementor-col-100 elementor-top-column elementor-element elementor-element-5dd2453d\" data-id=\"5dd2453d\" data-element_type=\"column\">\n\t\t\t<div class=\"elementor-widget-wrap elementor-element-populated\">\n\t\t\t\t\t\t<div class=\"elementor-element elementor-element-4b0221c6 elementor-widget__width-initial elementor-widget elementor-widget-text-editor\" data-id=\"4b0221c6\" data-element_type=\"widget\" data-widget_type=\"text-editor.default\">\n\t\t\t\t<div class=\"elementor-widget-container\">\n\t\t\t\t\t\t\t\t\t<h2>1. What are cookies?<\/h2>\n<p><span style=\"font-weight: 400;\">Cookies are automatic procedures that collect information about your visit to a given website and they are stored in your browser, so that the website can access your previous activity. They have an expiry date, which can range from the time the session lasts (session cookies) to a specified future date on which they cease to be operational (persistent cookies).<\/span><\/p><p><span style=\"font-weight: 400;\"><br><\/span><\/p>\n<p><\/p>\n<h2>2. What cookies do we use on www.diacorporate.com?<\/h2>\n<p><span style=\"font-weight: 400;\">Unless otherwise indicated, this website and its sub-websites use cookies to help analyse and optimise the use you make of the websites, as well as to ensure the websites work properly. The purpose of using cookies is to personalise access to websites in order to optimise browsing and website operation, improve our services, and show you content in line with your preferences, by analysing your browsing habits.<\/span><\/p>\n<p><span style=\"font-weight: 400;\">In particular, Dia uses the following cookies on the <a href=\"https:\/\/diacorporate.com\/en\/\"><strong>www.diacorporate.com<\/strong><\/a> website:<\/span><\/p>\n<ul>\n<li style=\"font-weight: 400;\" aria-level=\"1\">Internal use cookies: cookies for internal use are our own cookies used to ensure that the website functions at its best, such as, for example, for user authentication; for maintaining the session when you browse through the page; etc. Deactivating these cookies may prevent some of the web\u2019s features from functioning properly.<\/li>\n<li style=\"font-weight: 400;\" aria-level=\"1\">Analytical Cookies: analytical cookies are third-party cookies used to collect statistics about your activity when visiting the page and general page activity. These cookies optimise browsing of our website and guarantee you the best service, without personally identifying you.<\/li>\n<li style=\"font-weight: 400;\" aria-level=\"1\">Behavioural advertising cookies: these are third-party cookies that, as effectively as possible, manage the advertising spaces that, where appropriate, the editor has included on the website, application or platform providing the requested service. These cookies store information on your behaviour obtained through continuous observation of your browsing habits, allowing a specific profile to be developed in order to show the advertising best suited to it..<\/li>\n<\/ul>\n<p><span style=\"font-weight: 400;\">Analytical and behavioural advertising cookies are managed by Google Analytics and Google Adwords. These are services provided by Google, Inc., a Delaware company which has its registered office at 1600 Amphitheatre Parkway, Mountain View (California), CA 94043, United States (\u201cGoogle\u201d), for the purposes described above.<\/span><\/p><p><span style=\"font-weight: 400;\"><br><\/span><\/p>\n<p><\/p>\n<h2>3. Do cookies process personal data?<\/h2>\n<p><span style=\"font-weight: 400;\">In those cases where cookies allow identification of the user (some analytical cookies and behavioural advertising cookies), we informs you that Dia is the Data Controller of this data and only processes them in order to manage the specific function of each cookie, in accordance with the description in the previous section.<\/span><\/p><p><span style=\"font-weight: 400;\"><br><\/span><\/p>\t\t\t\t\t\t\t\t<\/div>\n\t\t\t\t<\/div>\n\t\t\t\t<div class=\"elementor-element elementor-element-d7bc137 elementor-widget__width-initial elementor-widget elementor-widget-text-editor\" data-id=\"d7bc137\" data-element_type=\"widget\" data-widget_type=\"text-editor.default\">\n\t\t\t\t<div class=\"elementor-widget-container\">\n\t\t\t\t\t\t\t\t\t<h2>4. How to delete them?<\/h2><p><span style=\"font-weight: 400;\">You can easily reject and delete cookies installed on your computer. The procedures for blocking and deleting cookies differ from one Internet browser to another. Below, you can find the links for the configuration in the main browsers:<\/span><\/p><ul><li style=\"font-weight: 400;\" aria-level=\"1\">Chrome: https:\/\/support.google.com\/chrome\/answer\/95647?hl=en<\/li><li style=\"font-weight: 400;\" aria-level=\"1\">Explorer: https:\/\/support.microsoft.com\/en-us\/topic\/how-to-delete-cookie-files-in-internet-explorer-bca9446f-d873-78de-77ba-d42645fa52fc<br \/>https:\/\/support.microsoft.com\/en-us\/topic\/delete-and-manage-cookies-168dab11-0753-043d-7c16-ede5947fc64d<\/li><li style=\"font-weight: 400;\" aria-level=\"1\">Firefox: https:\/\/support.mozilla.org\/en-US\/kb\/clear-cookies-and-site-data-firefox<\/li><li style=\"font-weight: 400;\" aria-level=\"1\"><span style=\"font-weight: 400;\">Safari: https:\/\/support.apple.com\/en-gb\/HT201265<\/span><\/li><\/ul><p>If the installation of all cookies on the website is prevented, some functionalities of the website, as well as some content may be affected. The user can consent to the use of cookies or revoke their consent at any time by accessing the configuration panel.<\/p>\t\t\t\t\t\t\t\t<\/div>\n\t\t\t\t<\/div>\n\t\t\t\t\t<\/div>\n\t\t<\/div>\n\t\t\t\t\t<\/div>\n\t\t<\/section>\n\t\t\t\t<\/div>\n\t\t","protected":false},"excerpt":{"rendered":"<p>Cookies Policy Cookies Policy 1. What are cookies? Cookies are automatic procedures that collect information about your visit to a given website and they are stored in your browser, so that the website can access your previous activity. They have an expiry date, which can range from the time the session lasts (session cookies) to&hellip;<\/p>\n","protected":false},"author":3,"featured_media":15118,"parent":0,"menu_order":0,"comment_status":"closed","ping_status":"closed","template":"elementor_header_footer","meta":{"footnotes":""},"class_list":["post-22855","page","type-page","status-publish","has-post-thumbnail","hentry"],"yoast_head":"<!-- This site is optimized with the Yoast SEO Premium plugin v26.2 (Yoast SEO v26.2) - https:\/\/yoast.com\/wordpress\/plugins\/seo\/ -->\n<title>Cookies Policy - D\u00eda<\/title>\n<meta name=\"robots\" content=\"noindex, nofollow\" \/>\n<meta property=\"og:locale\" content=\"en_US\" \/>\n<meta property=\"og:type\" content=\"article\" \/>\n<meta property=\"og:title\" content=\"Cookies Policy\" \/>\n<meta property=\"og:description\" content=\"Cookies Policy Cookies Policy 1. What are cookies? Cookies are automatic procedures that collect information about your visit to a given website and they are stored in your browser, so that the website can access your previous activity. They have an expiry date, which can range from the time the session lasts (session cookies) to&hellip;\" \/>\n<meta property=\"og:url\" content=\"http:\/\/diacorporate.tribecamedia.com\/en\/cookies-policy\/\" \/>\n<meta property=\"og:site_name\" content=\"D\u00eda\" \/>\n<meta property=\"article:modified_time\" content=\"2022-10-14T11:39:41+00:00\" \/>\n<meta property=\"og:image\" content=\"http:\/\/diacorporate.tribecamedia.com\/wp-content\/uploads\/2021\/02\/dia-noticias.png\" \/>\n\t<meta property=\"og:image:width\" content=\"461\" \/>\n\t<meta property=\"og:image:height\" content=\"300\" \/>\n\t<meta property=\"og:image:type\" content=\"image\/png\" \/>\n<meta name=\"twitter:card\" content=\"summary_large_image\" \/>\n<meta name=\"twitter:label1\" content=\"Est. reading time\" \/>\n\t<meta name=\"twitter:data1\" content=\"3 minutes\" \/>\n<script type=\"application\/ld+json\" class=\"yoast-schema-graph\">{\"@context\":\"https:\/\/schema.org\",\"@graph\":[{\"@type\":\"WebPage\",\"@id\":\"http:\/\/diacorporate.tribecamedia.com\/en\/cookies-policy\/\",\"url\":\"http:\/\/diacorporate.tribecamedia.com\/en\/cookies-policy\/\",\"name\":\"Cookies Policy - D\u00eda\",\"isPartOf\":{\"@id\":\"http:\/\/diacorporate.tribecamedia.com\/en\/#website\"},\"primaryImageOfPage\":{\"@id\":\"http:\/\/diacorporate.tribecamedia.com\/en\/cookies-policy\/#primaryimage\"},\"image\":{\"@id\":\"http:\/\/diacorporate.tribecamedia.com\/en\/cookies-policy\/#primaryimage\"},\"thumbnailUrl\":\"http:\/\/diacorporate.tribecamedia.com\/wp-content\/uploads\/2021\/02\/dia-noticias.png\",\"datePublished\":\"2021-01-11T15:55:15+00:00\",\"dateModified\":\"2022-10-14T11:39:41+00:00\",\"inLanguage\":\"en-US\",\"potentialAction\":[{\"@type\":\"ReadAction\",\"target\":[\"http:\/\/diacorporate.tribecamedia.com\/en\/cookies-policy\/\"]}]},{\"@type\":\"ImageObject\",\"inLanguage\":\"en-US\",\"@id\":\"http:\/\/diacorporate.tribecamedia.com\/en\/cookies-policy\/#primaryimage\",\"url\":\"http:\/\/diacorporate.tribecamedia.com\/wp-content\/uploads\/2021\/02\/dia-noticias.png\",\"contentUrl\":\"http:\/\/diacorporate.tribecamedia.com\/wp-content\/uploads\/2021\/02\/dia-noticias.png\",\"width\":461,\"height\":300,\"caption\":\"DIA News\"},{\"@type\":\"WebSite\",\"@id\":\"http:\/\/diacorporate.tribecamedia.com\/en\/#website\",\"url\":\"http:\/\/diacorporate.tribecamedia.com\/en\/\",\"name\":\"D\u00eda\",\"description\":\"En esta p\u00e1gina encontrar\u00e1s toda la informaci\u00f3n actualizada de Grupo Dia en el mundo\",\"publisher\":{\"@id\":\"http:\/\/diacorporate.tribecamedia.com\/en\/#organization\"},\"potentialAction\":[{\"@type\":\"SearchAction\",\"target\":{\"@type\":\"EntryPoint\",\"urlTemplate\":\"http:\/\/diacorporate.tribecamedia.com\/en\/?s={search_term_string}\"},\"query-input\":{\"@type\":\"PropertyValueSpecification\",\"valueRequired\":true,\"valueName\":\"search_term_string\"}}],\"inLanguage\":\"en-US\"},{\"@type\":\"Organization\",\"@id\":\"http:\/\/diacorporate.tribecamedia.com\/en\/#organization\",\"name\":\"GRUPO DIA\",\"url\":\"http:\/\/diacorporate.tribecamedia.com\/en\/\",\"logo\":{\"@type\":\"ImageObject\",\"inLanguage\":\"en-US\",\"@id\":\"http:\/\/diacorporate.tribecamedia.com\/en\/#\/schema\/logo\/image\/\",\"url\":\"https:\/\/diacorporate.com\/wp-content\/uploads\/2021\/02\/dia.png\",\"contentUrl\":\"https:\/\/diacorporate.com\/wp-content\/uploads\/2021\/02\/dia.png\",\"width\":1048,\"height\":528,\"caption\":\"GRUPO DIA\"},\"image\":{\"@id\":\"http:\/\/diacorporate.tribecamedia.com\/en\/#\/schema\/logo\/image\/\"}}]}<\/script>\n<!-- \/ Yoast SEO Premium plugin. -->","yoast_head_json":{"title":"Cookies Policy - D\u00eda","robots":{"index":"noindex","follow":"nofollow"},"og_locale":"en_US","og_type":"article","og_title":"Cookies Policy","og_description":"Cookies Policy Cookies Policy 1. What are cookies? Cookies are automatic procedures that collect information about your visit to a given website and they are stored in your browser, so that the website can access your previous activity. They have an expiry date, which can range from the time the session lasts (session cookies) to&hellip;","og_url":"http:\/\/diacorporate.tribecamedia.com\/en\/cookies-policy\/","og_site_name":"D\u00eda","article_modified_time":"2022-10-14T11:39:41+00:00","og_image":[{"width":461,"height":300,"url":"http:\/\/diacorporate.tribecamedia.com\/wp-content\/uploads\/2021\/02\/dia-noticias.png","type":"image\/png"}],"twitter_card":"summary_large_image","twitter_misc":{"Est. reading time":"3 minutes"},"schema":{"@context":"https:\/\/schema.org","@graph":[{"@type":"WebPage","@id":"http:\/\/diacorporate.tribecamedia.com\/en\/cookies-policy\/","url":"http:\/\/diacorporate.tribecamedia.com\/en\/cookies-policy\/","name":"Cookies Policy - D\u00eda","isPartOf":{"@id":"http:\/\/diacorporate.tribecamedia.com\/en\/#website"},"primaryImageOfPage":{"@id":"http:\/\/diacorporate.tribecamedia.com\/en\/cookies-policy\/#primaryimage"},"image":{"@id":"http:\/\/diacorporate.tribecamedia.com\/en\/cookies-policy\/#primaryimage"},"thumbnailUrl":"http:\/\/diacorporate.tribecamedia.com\/wp-content\/uploads\/2021\/02\/dia-noticias.png","datePublished":"2021-01-11T15:55:15+00:00","dateModified":"2022-10-14T11:39:41+00:00","inLanguage":"en-US","potentialAction":[{"@type":"ReadAction","target":["http:\/\/diacorporate.tribecamedia.com\/en\/cookies-policy\/"]}]},{"@type":"ImageObject","inLanguage":"en-US","@id":"http:\/\/diacorporate.tribecamedia.com\/en\/cookies-policy\/#primaryimage","url":"http:\/\/diacorporate.tribecamedia.com\/wp-content\/uploads\/2021\/02\/dia-noticias.png","contentUrl":"http:\/\/diacorporate.tribecamedia.com\/wp-content\/uploads\/2021\/02\/dia-noticias.png","width":461,"height":300,"caption":"DIA News"},{"@type":"WebSite","@id":"http:\/\/diacorporate.tribecamedia.com\/en\/#website","url":"http:\/\/diacorporate.tribecamedia.com\/en\/","name":"D\u00eda","description":"En esta p\u00e1gina encontrar\u00e1s toda la informaci\u00f3n actualizada de Grupo Dia en el mundo","publisher":{"@id":"http:\/\/diacorporate.tribecamedia.com\/en\/#organization"},"potentialAction":[{"@type":"SearchAction","target":{"@type":"EntryPoint","urlTemplate":"http:\/\/diacorporate.tribecamedia.com\/en\/?s={search_term_string}"},"query-input":{"@type":"PropertyValueSpecification","valueRequired":true,"valueName":"search_term_string"}}],"inLanguage":"en-US"},{"@type":"Organization","@id":"http:\/\/diacorporate.tribecamedia.com\/en\/#organization","name":"GRUPO DIA","url":"http:\/\/diacorporate.tribecamedia.com\/en\/","logo":{"@type":"ImageObject","inLanguage":"en-US","@id":"http:\/\/diacorporate.tribecamedia.com\/en\/#\/schema\/logo\/image\/","url":"https:\/\/diacorporate.com\/wp-content\/uploads\/2021\/02\/dia.png","contentUrl":"https:\/\/diacorporate.com\/wp-content\/uploads\/2021\/02\/dia.png","width":1048,"height":528,"caption":"GRUPO DIA"},"image":{"@id":"http:\/\/diacorporate.tribecamedia.com\/en\/#\/schema\/logo\/image\/"}}]}},"_links":{"self":[{"href":"http:\/\/diacorporate.tribecamedia.com\/en\/wp-json\/wp\/v2\/pages\/22855","targetHints":{"allow":["GET"]}}],"collection":[{"href":"http:\/\/diacorporate.tribecamedia.com\/en\/wp-json\/wp\/v2\/pages"}],"about":[{"href":"http:\/\/diacorporate.tribecamedia.com\/en\/wp-json\/wp\/v2\/types\/page"}],"author":[{"embeddable":true,"href":"http:\/\/diacorporate.tribecamedia.com\/en\/wp-json\/wp\/v2\/users\/3"}],"replies":[{"embeddable":true,"href":"http:\/\/diacorporate.tribecamedia.com\/en\/wp-json\/wp\/v2\/comments?post=22855"}],"version-history":[{"count":3,"href":"http:\/\/diacorporate.tribecamedia.com\/en\/wp-json\/wp\/v2\/pages\/22855\/revisions"}],"predecessor-version":[{"id":40469,"href":"http:\/\/diacorporate.tribecamedia.com\/en\/wp-json\/wp\/v2\/pages\/22855\/revisions\/40469"}],"wp:featuredmedia":[{"embeddable":true,"href":"http:\/\/diacorporate.tribecamedia.com\/en\/wp-json\/wp\/v2\/media\/15118"}],"wp:attachment":[{"href":"http:\/\/diacorporate.tribecamedia.com\/en\/wp-json\/wp\/v2\/media?parent=22855"}],"curies":[{"name":"wp","href":"https:\/\/api.w.org\/{rel}","templated":true}]}}