{"id":22902,"date":"2021-01-14T21:56:57","date_gmt":"2021-01-14T20:56:57","guid":{"rendered":"https:\/\/diacorporate.com\/informes-corporativos\/"},"modified":"2025-07-02T16:22:18","modified_gmt":"2025-07-02T14:22:18","slug":"corporate-reports-2","status":"publish","type":"page","link":"http:\/\/diacorporate.tribecamedia.com\/en\/corporate-reports-2\/","title":{"rendered":"Corporate Reports"},"content":{"rendered":"\t\t<div data-elementor-type=\"wp-page\" data-elementor-id=\"22902\" class=\"elementor elementor-22902 elementor-1754\" data-elementor-post-type=\"page\">\n\t\t\t\t\t\t<section class=\"elementor-section elementor-top-section elementor-element elementor-element-67e3e94e elementor-section-stretched elementor-section-boxed elementor-section-height-default elementor-section-height-default\" data-id=\"67e3e94e\" data-element_type=\"section\" data-settings=\"{&quot;stretch_section&quot;:&quot;section-stretched&quot;}\">\n\t\t\t\t\t\t<div class=\"elementor-container elementor-column-gap-default\">\n\t\t\t\t\t<div class=\"elementor-column elementor-col-100 elementor-top-column elementor-element elementor-element-570830f4\" data-id=\"570830f4\" data-element_type=\"column\">\n\t\t\t<div class=\"elementor-widget-wrap elementor-element-populated\">\n\t\t\t\t\t\t<div class=\"elementor-element elementor-element-f946560 first-header elementor-widget__width-initial elementor-widget elementor-widget-heading\" data-id=\"f946560\" data-element_type=\"widget\" data-widget_type=\"heading.default\">\n\t\t\t\t<div class=\"elementor-widget-container\">\n\t\t\t\t\t<h1 class=\"elementor-heading-title elementor-size-default\">CORPORATE REPORTS<\/h1>\t\t\t\t<\/div>\n\t\t\t\t<\/div>\n\t\t\t\t<div class=\"elementor-element elementor-element-2d76c2f elementor-widget elementor-widget-heading\" data-id=\"2d76c2f\" data-element_type=\"widget\" data-widget_type=\"heading.default\">\n\t\t\t\t<div class=\"elementor-widget-container\">\n\t\t\t\t\t<h2 class=\"elementor-heading-title elementor-size-default\">Corporate Reports<\/h2>\t\t\t\t<\/div>\n\t\t\t\t<\/div>\n\t\t\t\t<div class=\"elementor-element elementor-element-72fa0e8a elementor-widget elementor-widget-spacer\" data-id=\"72fa0e8a\" data-element_type=\"widget\" data-widget_type=\"spacer.default\">\n\t\t\t\t<div class=\"elementor-widget-container\">\n\t\t\t\t\t\t\t<div class=\"elementor-spacer\">\n\t\t\t<div class=\"elementor-spacer-inner\"><\/div>\n\t\t<\/div>\n\t\t\t\t\t\t<\/div>\n\t\t\t\t<\/div>\n\t\t\t\t<div class=\"elementor-element elementor-element-8b22a80 elementor-widget elementor-widget-shortcode\" data-id=\"8b22a80\" data-element_type=\"widget\" data-widget_type=\"shortcode.default\">\n\t\t\t\t<div class=\"elementor-widget-container\">\n\t\t\t\t\t\t\t<div class=\"elementor-shortcode\"><div class=\"dia-container orderby years-tabs \"><ul class=\"dia-nav dia-nav-tabs\"><li class=\"dia-nav-item active\">\n                <a class=\"dia-nav-link\" href=\"#dia-tab-2024-44635\">2024<\/a>\n              <\/li><li class=\"dia-nav-item\">\n                <a class=\"dia-nav-link\" href=\"#dia-tab-2023-44635\">2023<\/a>\n              <\/li><li class=\"dia-nav-item\">\n                <a class=\"dia-nav-link\" href=\"#dia-tab-2022-44635\">2022<\/a>\n              <\/li><li class=\"dia-nav-item\">\n                <a class=\"dia-nav-link\" href=\"#dia-tab-2021-44635\">2021<\/a>\n              <\/li><li class=\"dia-nav-item\">\n                <a class=\"dia-nav-link\" href=\"#dia-tab-2020-44635\">2020<\/a>\n              <\/li><\/ul><div class=\"dia-tab-content\"><div class=\"dia-tab-pane fade active show\" id=\"dia-tab-2024-44635\" role=\"tabpanel\"><div class=\"dia-tab-pane-container\"><h3>ARR<\/h3><ul class=\"dia-list-items\"><li class=\"dia-list-item dia_file_id_52617 active\" title=\"2024 ANNUAL REPORT ON REMUNERATION OF DIRECTORS\" tags=\"481\" date=\"2024\/12\/31\">\n            <a href=\"\/wp-content\/uploads\/2025\/02\/IAR-2024-ENG.pdf\" title=\"abre en una nueva ventana\" target=\"_blank\" alt=\"IAR-2024-ENG.pdf\">\n            <span class=\"dia-list-icon\"><img decoding=\"async\" class=\"ico-inline\" src=\"http:\/\/diacorporate.tribecamedia.com\/wp-content\/plugins\/dia-files\/public\/img\/download.svg\" alt=\"dia-file-link-icon\"><\/span>\n            <span class=\"dia-list-text\">2024 ANNUAL REPORT ON REMUNERATION OF DIRECTORS<\/span><\/a><\/li><\/ul><\/div><div class=\"dia-tab-pane-container\"><h3>ACGR<\/h3><ul class=\"dia-list-items\"><li class=\"dia-list-item dia_file_id_52616 active\" title=\"2024 ANNUAL CORPORATE GOVERNANCE REPORT\" tags=\"482\" date=\"2024\/12\/31\">\n            <a href=\"\/wp-content\/uploads\/2025\/02\/IAGC-2024-ENG.pdf\" title=\"abre en una nueva ventana\" target=\"_blank\" alt=\"IAGC-2024-ENG.pdf\">\n            <span class=\"dia-list-icon\"><img decoding=\"async\" class=\"ico-inline\" src=\"http:\/\/diacorporate.tribecamedia.com\/wp-content\/plugins\/dia-files\/public\/img\/download.svg\" alt=\"dia-file-link-icon\"><\/span>\n            <span class=\"dia-list-text\">2024 ANNUAL CORPORATE GOVERNANCE REPORT<\/span><\/a><\/li><\/ul><\/div><\/div><div class=\"dia-tab-pane fade\" id=\"dia-tab-2023-44635\" role=\"tabpanel\"><div class=\"dia-tab-pane-container\"><h3>ARR<\/h3><ul class=\"dia-list-items\"><li class=\"dia-list-item dia_file_id_47733 active\" title=\"2023 ANNUAL REPORT ON REMUNERATION OF DIRECTORS\" tags=\"481\" date=\"2023\/12\/31\">\n            <a href=\"\/wp-content\/uploads\/2024\/02\/2023-ANNUAL-REPORT-ON-REMUNERATION-OF-THE-DIRECTORS-DIA-GROUP.pdf\" title=\"abre en una nueva ventana\" target=\"_blank\" alt=\"2023-ANNUAL-REPORT-ON-REMUNERATION-OF-THE-DIRECTORS-DIA-GROUP.pdf\">\n            <span class=\"dia-list-icon\"><img decoding=\"async\" class=\"ico-inline\" src=\"http:\/\/diacorporate.tribecamedia.com\/wp-content\/plugins\/dia-files\/public\/img\/download.svg\" alt=\"dia-file-link-icon\"><\/span>\n            <span class=\"dia-list-text\">2023 ANNUAL REPORT ON REMUNERATION OF DIRECTORS<\/span><\/a><\/li><\/ul><\/div><div class=\"dia-tab-pane-container\"><h3>ACGR<\/h3><ul class=\"dia-list-items\"><li class=\"dia-list-item dia_file_id_47739 active\" title=\"2023 ANNUAL CORPORATE GOVERNANCE REPORT\" tags=\"482\" date=\"2023\/12\/30\">\n            <a href=\"\/wp-content\/uploads\/2024\/02\/IAGC-2023-ENG.pdf\" title=\"abre en una nueva ventana\" target=\"_blank\" alt=\"IAGC-2023-ENG.pdf\">\n            <span class=\"dia-list-icon\"><img decoding=\"async\" class=\"ico-inline\" src=\"http:\/\/diacorporate.tribecamedia.com\/wp-content\/plugins\/dia-files\/public\/img\/download.svg\" alt=\"dia-file-link-icon\"><\/span>\n            <span class=\"dia-list-text\">2023 ANNUAL CORPORATE GOVERNANCE REPORT<\/span><\/a><\/li><\/ul><\/div><\/div><div class=\"dia-tab-pane fade\" id=\"dia-tab-2022-44635\" role=\"tabpanel\"><div class=\"dia-tab-pane-container\"><h3>ARR<\/h3><ul class=\"dia-list-items\"><li class=\"dia-list-item dia_file_id_43477 active\" title=\"2022 ANNUAL REPORT ON REMUNERATION OF DIRECTORS\" tags=\"481\" date=\"2022\/12\/31\">\n            <a href=\"\/wp-content\/uploads\/2023\/04\/DIA-IAR-2022-ENG.pdf\" title=\"abre en una nueva ventana\" target=\"_blank\" alt=\"DIA-IAR-2022-ENG.pdf\">\n            <span class=\"dia-list-icon\"><img decoding=\"async\" class=\"ico-inline\" src=\"http:\/\/diacorporate.tribecamedia.com\/wp-content\/plugins\/dia-files\/public\/img\/download.svg\" alt=\"dia-file-link-icon\"><\/span>\n            <span class=\"dia-list-text\">2022 ANNUAL REPORT ON REMUNERATION OF DIRECTORS<\/span><\/a><\/li><\/ul><\/div><div class=\"dia-tab-pane-container\"><h3>ACGR<\/h3><ul class=\"dia-list-items\"><li class=\"dia-list-item dia_file_id_43475 active\" title=\"2022 ANNUAL CORPORATE GOVERNANCE REPORT\" tags=\"482\" date=\"2022\/12\/31\">\n            <a href=\"\/wp-content\/uploads\/2023\/04\/DIA-IAGC-2022-ENG.pdf\" title=\"abre en una nueva ventana\" target=\"_blank\" alt=\"DIA-IAGC-2022-ENG.pdf\">\n            <span class=\"dia-list-icon\"><img decoding=\"async\" class=\"ico-inline\" src=\"http:\/\/diacorporate.tribecamedia.com\/wp-content\/plugins\/dia-files\/public\/img\/download.svg\" alt=\"dia-file-link-icon\"><\/span>\n            <span class=\"dia-list-text\">2022 ANNUAL CORPORATE GOVERNANCE REPORT<\/span><\/a><\/li><\/ul><\/div><\/div><div class=\"dia-tab-pane fade\" id=\"dia-tab-2021-44635\" role=\"tabpanel\"><div class=\"dia-tab-pane-container\"><h3>ARR<\/h3><ul class=\"dia-list-items\"><li class=\"dia-list-item dia_file_id_37753 active\" title=\"2021 ANNUAL REPORT ON REMUNERATION OF DIRECTORS\" tags=\"481\" date=\"2021\/12\/31\">\n            <a href=\"\/wp-content\/uploads\/2022\/04\/DIA-IAR-2021-ENG.pdf\" title=\"abre en una nueva ventana\" target=\"_blank\" alt=\"DIA-IAR-2021-ENG.pdf\">\n            <span class=\"dia-list-icon\"><img decoding=\"async\" class=\"ico-inline\" src=\"http:\/\/diacorporate.tribecamedia.com\/wp-content\/plugins\/dia-files\/public\/img\/download.svg\" alt=\"dia-file-link-icon\"><\/span>\n            <span class=\"dia-list-text\">2021 ANNUAL REPORT ON REMUNERATION OF DIRECTORS<\/span><\/a><\/li><\/ul><\/div><div class=\"dia-tab-pane-container\"><h3>ACGR<\/h3><ul class=\"dia-list-items\"><li class=\"dia-list-item dia_file_id_37750 active\" title=\"2021 ANNUAL CORPORATE GOVERNANCE REPORT\" tags=\"482\" date=\"2021\/12\/31\">\n            <a href=\"\/wp-content\/uploads\/2022\/04\/DIA-IAGC-2021-ENG.pdf\" title=\"abre en una nueva ventana\" target=\"_blank\" alt=\"DIA-IAGC-2021-ENG.pdf\">\n            <span class=\"dia-list-icon\"><img decoding=\"async\" class=\"ico-inline\" src=\"http:\/\/diacorporate.tribecamedia.com\/wp-content\/plugins\/dia-files\/public\/img\/download.svg\" alt=\"dia-file-link-icon\"><\/span>\n            <span class=\"dia-list-text\">2021 ANNUAL CORPORATE GOVERNANCE REPORT<\/span><\/a><\/li><\/ul><\/div><\/div><div class=\"dia-tab-pane fade\" id=\"dia-tab-2020-44635\" role=\"tabpanel\"><div class=\"dia-tab-pane-container\"><h3>ARR<\/h3><ul class=\"dia-list-items\"><li class=\"dia-list-item dia_file_id_25715 active\" title=\"2020 Annual Report on Directors Remuneration\" tags=\"481\" date=\"2020\/12\/31\">\n            <a href=\"https:\/\/diacorporate.com\/wp-content\/uploads\/2021\/04\/DIA-IAR-2020-ENG.pdf\" title=\"abre en una nueva ventana\" target=\"_blank\" alt=\"DIA-IAR-2020-ENG.pdf\">\n            <span class=\"dia-list-icon\"><img decoding=\"async\" class=\"ico-inline\" src=\"http:\/\/diacorporate.tribecamedia.com\/wp-content\/plugins\/dia-files\/public\/img\/download.svg\" alt=\"dia-file-link-icon\"><\/span>\n            <span class=\"dia-list-text\">2020 Annual Report on Directors Remuneration<\/span><\/a><\/li><\/ul><\/div><div class=\"dia-tab-pane-container\"><h3>ACGR<\/h3><ul class=\"dia-list-items\"><li class=\"dia-list-item dia_file_id_25722 active\" title=\"2020 Annual Corporate Governance Report\" tags=\"482\" date=\"2020\/12\/31\">\n            <a href=\"https:\/\/diacorporate.com\/wp-content\/uploads\/2021\/04\/DIA-IAGC-2020-ENG.pdf\" title=\"abre en una nueva ventana\" target=\"_blank\" alt=\"DIA-IAGC-2020-ENG.pdf\">\n            <span class=\"dia-list-icon\"><img decoding=\"async\" class=\"ico-inline\" src=\"http:\/\/diacorporate.tribecamedia.com\/wp-content\/plugins\/dia-files\/public\/img\/download.svg\" alt=\"dia-file-link-icon\"><\/span>\n            <span class=\"dia-list-text\">2020 Annual Corporate Governance Report<\/span><\/a><\/li><\/ul><\/div><\/div><\/div><\/div> <\/div>\n\t\t\t\t\t\t<\/div>\n\t\t\t\t<\/div>\n\t\t\t\t\t<\/div>\n\t\t<\/div>\n\t\t\t\t\t<\/div>\n\t\t<\/section>\n\t\t\t\t<section class=\"elementor-section elementor-top-section elementor-element elementor-element-4e264c58 elementor-section-stretched subfooter-row animated-slow elementor-section-boxed elementor-section-height-default elementor-section-height-default elementor-invisible\" data-id=\"4e264c58\" data-element_type=\"section\" data-settings=\"{&quot;stretch_section&quot;:&quot;section-stretched&quot;,&quot;background_background&quot;:&quot;classic&quot;,&quot;motion_fx_motion_fx_scrolling&quot;:&quot;yes&quot;,&quot;animation&quot;:&quot;fadeIn&quot;,&quot;animation_tablet&quot;:&quot;fadeIn&quot;,&quot;animation_mobile&quot;:&quot;fadeIn&quot;,&quot;motion_fx_devices&quot;:[&quot;desktop&quot;,&quot;tablet&quot;,&quot;mobile&quot;]}\">\n\t\t\t\t\t\t<div class=\"elementor-container elementor-column-gap-default\">\n\t\t\t\t\t<div class=\"elementor-column elementor-col-50 elementor-top-column elementor-element elementor-element-40a668f4\" data-id=\"40a668f4\" data-element_type=\"column\">\n\t\t\t<div class=\"elementor-widget-wrap elementor-element-populated\">\n\t\t\t\t\t\t<div class=\"elementor-element elementor-element-4d662929 elementor-position-left elementor-vertical-align-middle elementor-widget elementor-widget-image-box\" data-id=\"4d662929\" data-element_type=\"widget\" data-widget_type=\"image-box.default\">\n\t\t\t\t<div class=\"elementor-widget-container\">\n\t\t\t\t\t<div class=\"elementor-image-box-wrapper\"><figure class=\"elementor-image-box-img\"><a href=\"https:\/\/diacorporate.com\/en\/sustainable-vision\/\" tabindex=\"-1\"><img decoding=\"async\" width=\"186\" height=\"168\" src=\"http:\/\/diacorporate.tribecamedia.com\/wp-content\/uploads\/2021\/01\/sub-footer-cta4.png\" class=\"attachment-full size-full wp-image-5234\" alt=\"Conoce EL CONSEJO DE ADMINISTRACI\u00d3N\" \/><\/a><\/figure><div class=\"elementor-image-box-content\"><div class=\"elementor-image-box-title\"><a href=\"https:\/\/diacorporate.com\/en\/sustainable-vision\/\">TAKE A LOOK AT OUR SUSTAINABLE VISION<\/a><\/div><\/div><\/div>\t\t\t\t<\/div>\n\t\t\t\t<\/div>\n\t\t\t\t\t<\/div>\n\t\t<\/div>\n\t\t\t\t<div class=\"elementor-column elementor-col-50 elementor-top-column elementor-element elementor-element-1bef6e98\" data-id=\"1bef6e98\" data-element_type=\"column\">\n\t\t\t<div class=\"elementor-widget-wrap elementor-element-populated\">\n\t\t\t\t\t\t<div class=\"elementor-element elementor-element-5db088a1 elementor-position-left elementor-vertical-align-middle elementor-widget elementor-widget-image-box\" data-id=\"5db088a1\" data-element_type=\"widget\" data-widget_type=\"image-box.default\">\n\t\t\t\t<div class=\"elementor-widget-container\">\n\t\t\t\t\t<div class=\"elementor-image-box-wrapper\"><figure class=\"elementor-image-box-img\"><a href=\"https:\/\/diacorporate.com\/en\/board-directors\/\" tabindex=\"-1\"><img decoding=\"async\" width=\"187\" height=\"173\" src=\"http:\/\/diacorporate.tribecamedia.com\/wp-content\/uploads\/2021\/01\/sub-footer-cta3.png\" class=\"attachment-full size-full wp-image-5224\" alt=\"Sub footer cta3\" \/><\/a><\/figure><div class=\"elementor-image-box-content\"><div class=\"elementor-image-box-title\"><a href=\"https:\/\/diacorporate.com\/en\/board-directors\/\">MEET THE BOARD OF DIRECTORS<\/a><\/div><\/div><\/div>\t\t\t\t<\/div>\n\t\t\t\t<\/div>\n\t\t\t\t\t<\/div>\n\t\t<\/div>\n\t\t\t\t\t<\/div>\n\t\t<\/section>\n\t\t\t\t<\/div>\n\t\t","protected":false},"excerpt":{"rendered":"<p>CORPORATE REPORTS Corporate Reports TAKE A LOOK AT OUR SUSTAINABLE VISION MEET THE BOARD OF DIRECTORS<\/p>\n","protected":false},"author":3,"featured_media":15118,"parent":0,"menu_order":0,"comment_status":"closed","ping_status":"closed","template":"","meta":{"footnotes":""},"class_list":["post-22902","page","type-page","status-publish","has-post-thumbnail","hentry","description-off"],"yoast_head":"<!-- This site is optimized with the Yoast SEO Premium plugin v26.2 (Yoast SEO v26.2) - https:\/\/yoast.com\/wordpress\/plugins\/seo\/ -->\n<title>Dia Group. Information about our corporate reports<\/title>\n<meta name=\"description\" content=\"You can find in this page all the updated information about the corporate reports of our company Dia Group.\" \/>\n<meta name=\"robots\" content=\"index, follow, max-snippet:-1, max-image-preview:large, max-video-preview:-1\" \/>\n<link rel=\"canonical\" href=\"http:\/\/diacorporate.tribecamedia.com\/en\/corporate-reports-2\/\" \/>\n<meta property=\"og:locale\" content=\"en_US\" \/>\n<meta property=\"og:type\" content=\"article\" \/>\n<meta property=\"og:title\" content=\"Corporate Reports\" \/>\n<meta property=\"og:description\" content=\"You can find in this page all the updated information about the corporate reports of our company Dia Group.\" \/>\n<meta property=\"og:url\" content=\"http:\/\/diacorporate.tribecamedia.com\/en\/corporate-reports-2\/\" \/>\n<meta property=\"og:site_name\" content=\"D\u00eda\" \/>\n<meta property=\"article:modified_time\" content=\"2025-07-02T14:22:18+00:00\" \/>\n<meta property=\"og:image\" content=\"http:\/\/diacorporate.tribecamedia.com\/wp-content\/uploads\/2021\/02\/dia-noticias.png\" \/>\n\t<meta property=\"og:image:width\" content=\"461\" \/>\n\t<meta property=\"og:image:height\" content=\"300\" \/>\n\t<meta property=\"og:image:type\" content=\"image\/png\" \/>\n<meta name=\"twitter:card\" content=\"summary_large_image\" \/>\n<meta name=\"twitter:label1\" content=\"Est. reading time\" \/>\n\t<meta name=\"twitter:data1\" content=\"1 minute\" \/>\n<script type=\"application\/ld+json\" class=\"yoast-schema-graph\">{\"@context\":\"https:\/\/schema.org\",\"@graph\":[{\"@type\":\"WebPage\",\"@id\":\"http:\/\/diacorporate.tribecamedia.com\/en\/corporate-reports-2\/\",\"url\":\"http:\/\/diacorporate.tribecamedia.com\/en\/corporate-reports-2\/\",\"name\":\"Dia Group. Information about our corporate reports\",\"isPartOf\":{\"@id\":\"http:\/\/diacorporate.tribecamedia.com\/en\/#website\"},\"primaryImageOfPage\":{\"@id\":\"http:\/\/diacorporate.tribecamedia.com\/en\/corporate-reports-2\/#primaryimage\"},\"image\":{\"@id\":\"http:\/\/diacorporate.tribecamedia.com\/en\/corporate-reports-2\/#primaryimage\"},\"thumbnailUrl\":\"http:\/\/diacorporate.tribecamedia.com\/wp-content\/uploads\/2021\/02\/dia-noticias.png\",\"datePublished\":\"2021-01-14T20:56:57+00:00\",\"dateModified\":\"2025-07-02T14:22:18+00:00\",\"description\":\"You can find in this page all the updated information about the corporate reports of our company Dia Group.\",\"inLanguage\":\"en-US\",\"potentialAction\":[{\"@type\":\"ReadAction\",\"target\":[\"http:\/\/diacorporate.tribecamedia.com\/en\/corporate-reports-2\/\"]}]},{\"@type\":\"ImageObject\",\"inLanguage\":\"en-US\",\"@id\":\"http:\/\/diacorporate.tribecamedia.com\/en\/corporate-reports-2\/#primaryimage\",\"url\":\"http:\/\/diacorporate.tribecamedia.com\/wp-content\/uploads\/2021\/02\/dia-noticias.png\",\"contentUrl\":\"http:\/\/diacorporate.tribecamedia.com\/wp-content\/uploads\/2021\/02\/dia-noticias.png\",\"width\":461,\"height\":300,\"caption\":\"DIA News\"},{\"@type\":\"WebSite\",\"@id\":\"http:\/\/diacorporate.tribecamedia.com\/en\/#website\",\"url\":\"http:\/\/diacorporate.tribecamedia.com\/en\/\",\"name\":\"D\u00eda\",\"description\":\"En esta p\u00e1gina encontrar\u00e1s toda la informaci\u00f3n actualizada de Grupo Dia en el mundo\",\"publisher\":{\"@id\":\"http:\/\/diacorporate.tribecamedia.com\/en\/#organization\"},\"potentialAction\":[{\"@type\":\"SearchAction\",\"target\":{\"@type\":\"EntryPoint\",\"urlTemplate\":\"http:\/\/diacorporate.tribecamedia.com\/en\/?s={search_term_string}\"},\"query-input\":{\"@type\":\"PropertyValueSpecification\",\"valueRequired\":true,\"valueName\":\"search_term_string\"}}],\"inLanguage\":\"en-US\"},{\"@type\":\"Organization\",\"@id\":\"http:\/\/diacorporate.tribecamedia.com\/en\/#organization\",\"name\":\"GRUPO DIA\",\"url\":\"http:\/\/diacorporate.tribecamedia.com\/en\/\",\"logo\":{\"@type\":\"ImageObject\",\"inLanguage\":\"en-US\",\"@id\":\"http:\/\/diacorporate.tribecamedia.com\/en\/#\/schema\/logo\/image\/\",\"url\":\"https:\/\/diacorporate.com\/wp-content\/uploads\/2021\/02\/dia.png\",\"contentUrl\":\"https:\/\/diacorporate.com\/wp-content\/uploads\/2021\/02\/dia.png\",\"width\":1048,\"height\":528,\"caption\":\"GRUPO DIA\"},\"image\":{\"@id\":\"http:\/\/diacorporate.tribecamedia.com\/en\/#\/schema\/logo\/image\/\"}}]}<\/script>\n<!-- \/ Yoast SEO Premium plugin. -->","yoast_head_json":{"title":"Dia Group. Information about our corporate reports","description":"You can find in this page all the updated information about the corporate reports of our company Dia Group.","robots":{"index":"index","follow":"follow","max-snippet":"max-snippet:-1","max-image-preview":"max-image-preview:large","max-video-preview":"max-video-preview:-1"},"canonical":"http:\/\/diacorporate.tribecamedia.com\/en\/corporate-reports-2\/","og_locale":"en_US","og_type":"article","og_title":"Corporate Reports","og_description":"You can find in this page all the updated information about the corporate reports of our company Dia Group.","og_url":"http:\/\/diacorporate.tribecamedia.com\/en\/corporate-reports-2\/","og_site_name":"D\u00eda","article_modified_time":"2025-07-02T14:22:18+00:00","og_image":[{"width":461,"height":300,"url":"http:\/\/diacorporate.tribecamedia.com\/wp-content\/uploads\/2021\/02\/dia-noticias.png","type":"image\/png"}],"twitter_card":"summary_large_image","twitter_misc":{"Est. reading time":"1 minute"},"schema":{"@context":"https:\/\/schema.org","@graph":[{"@type":"WebPage","@id":"http:\/\/diacorporate.tribecamedia.com\/en\/corporate-reports-2\/","url":"http:\/\/diacorporate.tribecamedia.com\/en\/corporate-reports-2\/","name":"Dia Group. Information about our corporate reports","isPartOf":{"@id":"http:\/\/diacorporate.tribecamedia.com\/en\/#website"},"primaryImageOfPage":{"@id":"http:\/\/diacorporate.tribecamedia.com\/en\/corporate-reports-2\/#primaryimage"},"image":{"@id":"http:\/\/diacorporate.tribecamedia.com\/en\/corporate-reports-2\/#primaryimage"},"thumbnailUrl":"http:\/\/diacorporate.tribecamedia.com\/wp-content\/uploads\/2021\/02\/dia-noticias.png","datePublished":"2021-01-14T20:56:57+00:00","dateModified":"2025-07-02T14:22:18+00:00","description":"You can find in this page all the updated information about the corporate reports of our company Dia Group.","inLanguage":"en-US","potentialAction":[{"@type":"ReadAction","target":["http:\/\/diacorporate.tribecamedia.com\/en\/corporate-reports-2\/"]}]},{"@type":"ImageObject","inLanguage":"en-US","@id":"http:\/\/diacorporate.tribecamedia.com\/en\/corporate-reports-2\/#primaryimage","url":"http:\/\/diacorporate.tribecamedia.com\/wp-content\/uploads\/2021\/02\/dia-noticias.png","contentUrl":"http:\/\/diacorporate.tribecamedia.com\/wp-content\/uploads\/2021\/02\/dia-noticias.png","width":461,"height":300,"caption":"DIA News"},{"@type":"WebSite","@id":"http:\/\/diacorporate.tribecamedia.com\/en\/#website","url":"http:\/\/diacorporate.tribecamedia.com\/en\/","name":"D\u00eda","description":"En esta p\u00e1gina encontrar\u00e1s toda la informaci\u00f3n actualizada de Grupo Dia en el mundo","publisher":{"@id":"http:\/\/diacorporate.tribecamedia.com\/en\/#organization"},"potentialAction":[{"@type":"SearchAction","target":{"@type":"EntryPoint","urlTemplate":"http:\/\/diacorporate.tribecamedia.com\/en\/?s={search_term_string}"},"query-input":{"@type":"PropertyValueSpecification","valueRequired":true,"valueName":"search_term_string"}}],"inLanguage":"en-US"},{"@type":"Organization","@id":"http:\/\/diacorporate.tribecamedia.com\/en\/#organization","name":"GRUPO DIA","url":"http:\/\/diacorporate.tribecamedia.com\/en\/","logo":{"@type":"ImageObject","inLanguage":"en-US","@id":"http:\/\/diacorporate.tribecamedia.com\/en\/#\/schema\/logo\/image\/","url":"https:\/\/diacorporate.com\/wp-content\/uploads\/2021\/02\/dia.png","contentUrl":"https:\/\/diacorporate.com\/wp-content\/uploads\/2021\/02\/dia.png","width":1048,"height":528,"caption":"GRUPO DIA"},"image":{"@id":"http:\/\/diacorporate.tribecamedia.com\/en\/#\/schema\/logo\/image\/"}}]}},"_links":{"self":[{"href":"http:\/\/diacorporate.tribecamedia.com\/en\/wp-json\/wp\/v2\/pages\/22902","targetHints":{"allow":["GET"]}}],"collection":[{"href":"http:\/\/diacorporate.tribecamedia.com\/en\/wp-json\/wp\/v2\/pages"}],"about":[{"href":"http:\/\/diacorporate.tribecamedia.com\/en\/wp-json\/wp\/v2\/types\/page"}],"author":[{"embeddable":true,"href":"http:\/\/diacorporate.tribecamedia.com\/en\/wp-json\/wp\/v2\/users\/3"}],"replies":[{"embeddable":true,"href":"http:\/\/diacorporate.tribecamedia.com\/en\/wp-json\/wp\/v2\/comments?post=22902"}],"version-history":[{"count":3,"href":"http:\/\/diacorporate.tribecamedia.com\/en\/wp-json\/wp\/v2\/pages\/22902\/revisions"}],"predecessor-version":[{"id":54800,"href":"http:\/\/diacorporate.tribecamedia.com\/en\/wp-json\/wp\/v2\/pages\/22902\/revisions\/54800"}],"wp:featuredmedia":[{"embeddable":true,"href":"http:\/\/diacorporate.tribecamedia.com\/en\/wp-json\/wp\/v2\/media\/15118"}],"wp:attachment":[{"href":"http:\/\/diacorporate.tribecamedia.com\/en\/wp-json\/wp\/v2\/media?parent=22902"}],"curies":[{"name":"wp","href":"https:\/\/api.w.org\/{rel}","templated":true}]}}