{"id":23136,"date":"2021-01-11T16:54:01","date_gmt":"2021-01-11T15:54:01","guid":{"rendered":"https:\/\/diacorporate.com\/politica-de-privacidad\/"},"modified":"2025-02-27T10:16:56","modified_gmt":"2025-02-27T09:16:56","slug":"privacy-policy","status":"publish","type":"page","link":"http:\/\/diacorporate.tribecamedia.com\/en\/privacy-policy\/","title":{"rendered":"Privacy Policy"},"content":{"rendered":"\t\t<div data-elementor-type=\"wp-page\" data-elementor-id=\"23136\" class=\"elementor elementor-23136 elementor-425\" data-elementor-post-type=\"page\">\n\t\t\t\t\t\t<section class=\"elementor-section elementor-top-section elementor-element elementor-element-21d2767 elementor-section-full_width elementor-section-height-default elementor-section-height-default\" data-id=\"21d2767\" data-element_type=\"section\">\n\t\t\t\t\t\t<div class=\"elementor-container elementor-column-gap-no\">\n\t\t\t\t\t<div class=\"elementor-column elementor-col-100 elementor-top-column elementor-element elementor-element-0854f68\" data-id=\"0854f68\" data-element_type=\"column\">\n\t\t\t<div class=\"elementor-widget-wrap elementor-element-populated\">\n\t\t\t\t\t\t<div class=\"elementor-element elementor-element-b32a9d3 elementor-widget elementor-widget-heading\" data-id=\"b32a9d3\" data-element_type=\"widget\" data-widget_type=\"heading.default\">\n\t\t\t\t<div class=\"elementor-widget-container\">\n\t\t\t\t\t<h1 class=\"elementor-heading-title elementor-size-default\">PRIVACY POLICY<\/h1>\t\t\t\t<\/div>\n\t\t\t\t<\/div>\n\t\t\t\t<div class=\"elementor-element elementor-element-f45ca09 elementor-widget-divider--view-line elementor-widget elementor-widget-divider\" data-id=\"f45ca09\" data-element_type=\"widget\" data-widget_type=\"divider.default\">\n\t\t\t\t<div class=\"elementor-widget-container\">\n\t\t\t\t\t\t\t<div class=\"elementor-divider\">\n\t\t\t<span class=\"elementor-divider-separator\">\n\t\t\t\t\t\t<\/span>\n\t\t<\/div>\n\t\t\t\t\t\t<\/div>\n\t\t\t\t<\/div>\n\t\t\t\t\t<\/div>\n\t\t<\/div>\n\t\t\t\t\t<\/div>\n\t\t<\/section>\n\t\t\t\t<section class=\"elementor-section elementor-top-section elementor-element elementor-element-74764f4 elementor-section-full_width elementor-section-height-default elementor-section-height-default\" data-id=\"74764f4\" data-element_type=\"section\">\n\t\t\t\t\t\t<div class=\"elementor-container elementor-column-gap-no\">\n\t\t\t\t\t<div class=\"elementor-column elementor-col-100 elementor-top-column elementor-element elementor-element-15b6a08\" data-id=\"15b6a08\" data-element_type=\"column\">\n\t\t\t<div class=\"elementor-widget-wrap elementor-element-populated\">\n\t\t\t\t\t\t<div class=\"elementor-element elementor-element-2d9a029 elementor-widget elementor-widget-heading\" data-id=\"2d9a029\" data-element_type=\"widget\" data-widget_type=\"heading.default\">\n\t\t\t\t<div class=\"elementor-widget-container\">\n\t\t\t\t\t<h2 class=\"elementor-heading-title elementor-size-default\">Privacy Policy of Dia Corporate<\/h2>\t\t\t\t<\/div>\n\t\t\t\t<\/div>\n\t\t\t\t\t<\/div>\n\t\t<\/div>\n\t\t\t\t\t<\/div>\n\t\t<\/section>\n\t\t\t\t<section class=\"elementor-section elementor-top-section elementor-element elementor-element-228cd0ea elementor-section-full_width elementor-section-height-default elementor-section-height-default\" data-id=\"228cd0ea\" data-element_type=\"section\" id=\"legal\">\n\t\t\t\t\t\t<div class=\"elementor-container elementor-column-gap-no\">\n\t\t\t\t\t<div class=\"elementor-column elementor-col-100 elementor-top-column elementor-element elementor-element-174ba543\" data-id=\"174ba543\" data-element_type=\"column\">\n\t\t\t<div class=\"elementor-widget-wrap elementor-element-populated\">\n\t\t\t\t\t\t<div class=\"elementor-element elementor-element-1f002a3a elementor-widget__width-initial elementor-widget elementor-widget-text-editor\" data-id=\"1f002a3a\" data-element_type=\"widget\" data-widget_type=\"text-editor.default\">\n\t\t\t\t<div class=\"elementor-widget-container\">\n\t\t\t\t\t\t\t\t\t<p><span style=\"color: #d26358;\"><strong>1. Who is the data controller of the personal data?<\/strong><\/span><\/p><p>The data controller of your personal data is Distribuidora Internacional de Alimentaci\u00f3n, S.A. (&#8220;<strong>Dia<\/strong>&#8220;), with Tax Identification Number (NIF) A-28164754, and registered office at Las Rozas de Madrid, TRIPARK Building, Las Rozas Business Park, C\/ Jacinto Benavente 2A, 28232.<\/p><p><strong>Dia<\/strong> has appointed a Data Protection Officer (&#8220;<strong>DPO<\/strong>&#8220;), whom you may contact for further information on any point included in our Privacy Policy, or to submit questions, queries, or complaints regarding the processing of your personal data. You can contact the DPO via email at <a href=\"dpo.es@diagroup.com\" target=\"_blank\" rel=\"noopener\"><span style=\"text-decoration: underline;\">dpo.es@diagroup.com<\/span><\/a>.<\/p><p>Below, we provide detailed information about the processing of your personal data carried out by <strong>Dia<\/strong> as the data controller.<\/p><p>\u00a0<\/p><p><span style=\"color: #d26358;\"><strong>2. What categories of data do we process and from where are they obtained?<\/strong><\/span><\/p><p>The personal data of the data subjects who contact <strong>Dia<\/strong> through email addresses and other channels enabled on the Website will generally be those provided by the data subject, including (i) Identifying data, such as name, surname, email address, and phone number, and (ii) Employment details, such as the entity for which the individual works.<\/p><p>\u00a0<\/p><p><span style=\"color: #d26358;\"><strong>3. For what purposes do we process the data, and on what legal basis?<\/strong><\/span><\/p><p>Your personal data will be processed based on your consent given through the affirmative action of submitting your query, solely for the purpose of enabling such communication and processing and responding to your request,\u00a0manage your participation and\/or attendance at DIA events, and send you surveys to analyze the level of satisfaction regarding our events and\/or services.\u00a0<\/p><p>\u00a0<\/p><p><span style=\"color: #d26358;\"><strong>4. How long will we retain the data?<\/strong><\/span><\/p><p>Personal data will be retained until you request its deletion or cancellation and for as long as it is necessary for the purposes for which it is processed. When the data is no longer needed for this purpose, it will be blocked for the period during which it may be required for the exercise or defense of administrative or legal actions, and it may only be unlocked and processed for that reason. After this period, the data will be permanently deleted.<\/p><p>\u00a0<\/p><p><span style=\"color: #d26358;\"><strong>5. Who are the recipients of the data?<\/strong><\/span><\/p><p>Personal data may be disclosed to Public Administrations, Authorities, and Public Bodies, including Courts, when required by applicable regulations.<\/p><p>Occasionally, to provide the best possible service, <strong>Dia<\/strong> may seek support from various contractors and suppliers, such as information systems services, technical support, call centers, etc. These suppliers may only access personal data as necessary for the provision of services and will not process the data for their own purposes that have not been previously informed by <strong>Dia<\/strong>.<\/p><p>\u00a0<\/p><p><span style=\"color: #d26358;\"><strong>6. Will there be international transfers of your personal data?<\/strong><\/span><\/p><p>Personal data may be communicated to service providers located in countries outside the European Economic Area, including countries that do not provide an equivalent level of data protection as the European Union. However, in such cases, personal data will be processed in strict compliance with European and Spanish regulations, and necessary safeguards will be implemented to ensure an optimal level of protection for the rights and freedoms of data subjects<\/p><p>For more information on the appropriate safeguards related to international data transfers or to obtain a copy thereof, you may contact our <strong>DPO<\/strong> via email at <a href=\"mailto:dpo@diagroup.com\" target=\"_blank\" rel=\"noopener\"><span style=\"text-decoration: underline;\">dpo@diagroup.com<\/span><\/a>.<\/p><p>\u00a0<\/p><p><span style=\"color: #d26358;\"><strong>7. What are your rights when you provide us with your personal data?<\/strong><\/span><\/p><p>Data subjects may exercise their rights of access, rectification, erasure, objection, restriction of processing, and data portability, or any other rights recognized by applicable data protection regulations, as legally provided, by email to <span style=\"text-decoration: underline;\"><a href=\"mailto:proteccion.datos@diagroup.com\" target=\"_blank\" rel=\"noopener\">proteccion.datos@diagroup.com<\/a><\/span>.<\/p><p>Furthermore, you may contact <span style=\"text-decoration: underline;\"><a href=\"mailto:dpo.es@diagroup.com\" target=\"_blank\" rel=\"noopener\">dpo.es@diagroup.com<\/a><\/span> to inquire about any aspect regarding the processing of personal data carried out by <strong>Dia.<\/strong><\/p><p>Data subjects may lodge a complaint with the Spanish Data Protection Agency. For more information, please visit<span style=\"text-decoration: underline;\"><a href=\"http:\/\/www.aepd.es\" target=\"_blank\" rel=\"noopener\"> www.aepd.es<\/a><\/span>.<\/p>\t\t\t\t\t\t\t\t<\/div>\n\t\t\t\t<\/div>\n\t\t\t\t\t<\/div>\n\t\t<\/div>\n\t\t\t\t\t<\/div>\n\t\t<\/section>\n\t\t\t\t<\/div>\n\t\t","protected":false},"excerpt":{"rendered":"<p>PRIVACY POLICY Privacy Policy of Dia Corporate 1. Who is the data controller of the personal data? The data controller of your personal data is Distribuidora Internacional de Alimentaci\u00f3n, S.A. (&#8220;Dia&#8220;), with Tax Identification Number (NIF) A-28164754, and registered office at Las Rozas de Madrid, TRIPARK Building, Las Rozas Business Park, C\/ Jacinto Benavente 2A,&hellip;<\/p>\n","protected":false},"author":3,"featured_media":15118,"parent":0,"menu_order":0,"comment_status":"closed","ping_status":"closed","template":"elementor_header_footer","meta":{"footnotes":""},"class_list":["post-23136","page","type-page","status-publish","has-post-thumbnail","hentry"],"yoast_head":"<!-- This site is optimized with the Yoast SEO Premium plugin v26.2 (Yoast SEO v26.2) - https:\/\/yoast.com\/wordpress\/plugins\/seo\/ -->\n<title>Privacy Policy - D\u00eda<\/title>\n<meta name=\"robots\" content=\"noindex, nofollow\" \/>\n<meta property=\"og:locale\" content=\"en_US\" \/>\n<meta property=\"og:type\" content=\"article\" \/>\n<meta property=\"og:title\" content=\"Privacy Policy\" \/>\n<meta property=\"og:description\" content=\"PRIVACY POLICY Privacy Policy of Dia Corporate 1. Who is the data controller of the personal data? The data controller of your personal data is Distribuidora Internacional de Alimentaci\u00f3n, S.A. (&#8220;Dia&#8220;), with Tax Identification Number (NIF) A-28164754, and registered office at Las Rozas de Madrid, TRIPARK Building, Las Rozas Business Park, C\/ Jacinto Benavente 2A,&hellip;\" \/>\n<meta property=\"og:url\" content=\"http:\/\/diacorporate.tribecamedia.com\/en\/privacy-policy\/\" \/>\n<meta property=\"og:site_name\" content=\"D\u00eda\" \/>\n<meta property=\"article:modified_time\" content=\"2025-02-27T09:16:56+00:00\" \/>\n<meta property=\"og:image\" content=\"http:\/\/diacorporate.tribecamedia.com\/wp-content\/uploads\/2021\/02\/dia-noticias.png\" \/>\n\t<meta property=\"og:image:width\" content=\"461\" \/>\n\t<meta property=\"og:image:height\" content=\"300\" \/>\n\t<meta property=\"og:image:type\" content=\"image\/png\" \/>\n<meta name=\"twitter:card\" content=\"summary_large_image\" \/>\n<meta name=\"twitter:label1\" content=\"Est. reading time\" \/>\n\t<meta name=\"twitter:data1\" content=\"3 minutes\" \/>\n<script type=\"application\/ld+json\" class=\"yoast-schema-graph\">{\"@context\":\"https:\/\/schema.org\",\"@graph\":[{\"@type\":\"WebPage\",\"@id\":\"http:\/\/diacorporate.tribecamedia.com\/en\/privacy-policy\/\",\"url\":\"http:\/\/diacorporate.tribecamedia.com\/en\/privacy-policy\/\",\"name\":\"Privacy Policy - D\u00eda\",\"isPartOf\":{\"@id\":\"http:\/\/diacorporate.tribecamedia.com\/en\/#website\"},\"primaryImageOfPage\":{\"@id\":\"http:\/\/diacorporate.tribecamedia.com\/en\/privacy-policy\/#primaryimage\"},\"image\":{\"@id\":\"http:\/\/diacorporate.tribecamedia.com\/en\/privacy-policy\/#primaryimage\"},\"thumbnailUrl\":\"http:\/\/diacorporate.tribecamedia.com\/wp-content\/uploads\/2021\/02\/dia-noticias.png\",\"datePublished\":\"2021-01-11T15:54:01+00:00\",\"dateModified\":\"2025-02-27T09:16:56+00:00\",\"inLanguage\":\"en-US\",\"potentialAction\":[{\"@type\":\"ReadAction\",\"target\":[\"http:\/\/diacorporate.tribecamedia.com\/en\/privacy-policy\/\"]}]},{\"@type\":\"ImageObject\",\"inLanguage\":\"en-US\",\"@id\":\"http:\/\/diacorporate.tribecamedia.com\/en\/privacy-policy\/#primaryimage\",\"url\":\"http:\/\/diacorporate.tribecamedia.com\/wp-content\/uploads\/2021\/02\/dia-noticias.png\",\"contentUrl\":\"http:\/\/diacorporate.tribecamedia.com\/wp-content\/uploads\/2021\/02\/dia-noticias.png\",\"width\":461,\"height\":300,\"caption\":\"DIA News\"},{\"@type\":\"WebSite\",\"@id\":\"http:\/\/diacorporate.tribecamedia.com\/en\/#website\",\"url\":\"http:\/\/diacorporate.tribecamedia.com\/en\/\",\"name\":\"D\u00eda\",\"description\":\"En esta p\u00e1gina encontrar\u00e1s toda la informaci\u00f3n actualizada de Grupo Dia en el mundo\",\"publisher\":{\"@id\":\"http:\/\/diacorporate.tribecamedia.com\/en\/#organization\"},\"potentialAction\":[{\"@type\":\"SearchAction\",\"target\":{\"@type\":\"EntryPoint\",\"urlTemplate\":\"http:\/\/diacorporate.tribecamedia.com\/en\/?s={search_term_string}\"},\"query-input\":{\"@type\":\"PropertyValueSpecification\",\"valueRequired\":true,\"valueName\":\"search_term_string\"}}],\"inLanguage\":\"en-US\"},{\"@type\":\"Organization\",\"@id\":\"http:\/\/diacorporate.tribecamedia.com\/en\/#organization\",\"name\":\"GRUPO DIA\",\"url\":\"http:\/\/diacorporate.tribecamedia.com\/en\/\",\"logo\":{\"@type\":\"ImageObject\",\"inLanguage\":\"en-US\",\"@id\":\"http:\/\/diacorporate.tribecamedia.com\/en\/#\/schema\/logo\/image\/\",\"url\":\"https:\/\/diacorporate.com\/wp-content\/uploads\/2021\/02\/dia.png\",\"contentUrl\":\"https:\/\/diacorporate.com\/wp-content\/uploads\/2021\/02\/dia.png\",\"width\":1048,\"height\":528,\"caption\":\"GRUPO DIA\"},\"image\":{\"@id\":\"http:\/\/diacorporate.tribecamedia.com\/en\/#\/schema\/logo\/image\/\"}}]}<\/script>\n<!-- \/ Yoast SEO Premium plugin. -->","yoast_head_json":{"title":"Privacy Policy - D\u00eda","robots":{"index":"noindex","follow":"nofollow"},"og_locale":"en_US","og_type":"article","og_title":"Privacy Policy","og_description":"PRIVACY POLICY Privacy Policy of Dia Corporate 1. Who is the data controller of the personal data? The data controller of your personal data is Distribuidora Internacional de Alimentaci\u00f3n, S.A. (&#8220;Dia&#8220;), with Tax Identification Number (NIF) A-28164754, and registered office at Las Rozas de Madrid, TRIPARK Building, Las Rozas Business Park, C\/ Jacinto Benavente 2A,&hellip;","og_url":"http:\/\/diacorporate.tribecamedia.com\/en\/privacy-policy\/","og_site_name":"D\u00eda","article_modified_time":"2025-02-27T09:16:56+00:00","og_image":[{"width":461,"height":300,"url":"http:\/\/diacorporate.tribecamedia.com\/wp-content\/uploads\/2021\/02\/dia-noticias.png","type":"image\/png"}],"twitter_card":"summary_large_image","twitter_misc":{"Est. reading time":"3 minutes"},"schema":{"@context":"https:\/\/schema.org","@graph":[{"@type":"WebPage","@id":"http:\/\/diacorporate.tribecamedia.com\/en\/privacy-policy\/","url":"http:\/\/diacorporate.tribecamedia.com\/en\/privacy-policy\/","name":"Privacy Policy - D\u00eda","isPartOf":{"@id":"http:\/\/diacorporate.tribecamedia.com\/en\/#website"},"primaryImageOfPage":{"@id":"http:\/\/diacorporate.tribecamedia.com\/en\/privacy-policy\/#primaryimage"},"image":{"@id":"http:\/\/diacorporate.tribecamedia.com\/en\/privacy-policy\/#primaryimage"},"thumbnailUrl":"http:\/\/diacorporate.tribecamedia.com\/wp-content\/uploads\/2021\/02\/dia-noticias.png","datePublished":"2021-01-11T15:54:01+00:00","dateModified":"2025-02-27T09:16:56+00:00","inLanguage":"en-US","potentialAction":[{"@type":"ReadAction","target":["http:\/\/diacorporate.tribecamedia.com\/en\/privacy-policy\/"]}]},{"@type":"ImageObject","inLanguage":"en-US","@id":"http:\/\/diacorporate.tribecamedia.com\/en\/privacy-policy\/#primaryimage","url":"http:\/\/diacorporate.tribecamedia.com\/wp-content\/uploads\/2021\/02\/dia-noticias.png","contentUrl":"http:\/\/diacorporate.tribecamedia.com\/wp-content\/uploads\/2021\/02\/dia-noticias.png","width":461,"height":300,"caption":"DIA News"},{"@type":"WebSite","@id":"http:\/\/diacorporate.tribecamedia.com\/en\/#website","url":"http:\/\/diacorporate.tribecamedia.com\/en\/","name":"D\u00eda","description":"En esta p\u00e1gina encontrar\u00e1s toda la informaci\u00f3n actualizada de Grupo Dia en el mundo","publisher":{"@id":"http:\/\/diacorporate.tribecamedia.com\/en\/#organization"},"potentialAction":[{"@type":"SearchAction","target":{"@type":"EntryPoint","urlTemplate":"http:\/\/diacorporate.tribecamedia.com\/en\/?s={search_term_string}"},"query-input":{"@type":"PropertyValueSpecification","valueRequired":true,"valueName":"search_term_string"}}],"inLanguage":"en-US"},{"@type":"Organization","@id":"http:\/\/diacorporate.tribecamedia.com\/en\/#organization","name":"GRUPO DIA","url":"http:\/\/diacorporate.tribecamedia.com\/en\/","logo":{"@type":"ImageObject","inLanguage":"en-US","@id":"http:\/\/diacorporate.tribecamedia.com\/en\/#\/schema\/logo\/image\/","url":"https:\/\/diacorporate.com\/wp-content\/uploads\/2021\/02\/dia.png","contentUrl":"https:\/\/diacorporate.com\/wp-content\/uploads\/2021\/02\/dia.png","width":1048,"height":528,"caption":"GRUPO DIA"},"image":{"@id":"http:\/\/diacorporate.tribecamedia.com\/en\/#\/schema\/logo\/image\/"}}]}},"_links":{"self":[{"href":"http:\/\/diacorporate.tribecamedia.com\/en\/wp-json\/wp\/v2\/pages\/23136","targetHints":{"allow":["GET"]}}],"collection":[{"href":"http:\/\/diacorporate.tribecamedia.com\/en\/wp-json\/wp\/v2\/pages"}],"about":[{"href":"http:\/\/diacorporate.tribecamedia.com\/en\/wp-json\/wp\/v2\/types\/page"}],"author":[{"embeddable":true,"href":"http:\/\/diacorporate.tribecamedia.com\/en\/wp-json\/wp\/v2\/users\/3"}],"replies":[{"embeddable":true,"href":"http:\/\/diacorporate.tribecamedia.com\/en\/wp-json\/wp\/v2\/comments?post=23136"}],"version-history":[{"count":3,"href":"http:\/\/diacorporate.tribecamedia.com\/en\/wp-json\/wp\/v2\/pages\/23136\/revisions"}],"predecessor-version":[{"id":52431,"href":"http:\/\/diacorporate.tribecamedia.com\/en\/wp-json\/wp\/v2\/pages\/23136\/revisions\/52431"}],"wp:featuredmedia":[{"embeddable":true,"href":"http:\/\/diacorporate.tribecamedia.com\/en\/wp-json\/wp\/v2\/media\/15118"}],"wp:attachment":[{"href":"http:\/\/diacorporate.tribecamedia.com\/en\/wp-json\/wp\/v2\/media?parent=23136"}],"curies":[{"name":"wp","href":"https:\/\/api.w.org\/{rel}","templated":true}]}}