{"id":23496,"date":"2021-01-20T10:47:51","date_gmt":"2021-01-20T09:47:51","guid":{"rendered":"https:\/\/diacorporate.com\/operaciones-corporativas\/"},"modified":"2025-02-27T13:11:40","modified_gmt":"2025-02-27T12:11:40","slug":"corporate-operations","status":"publish","type":"page","link":"http:\/\/diacorporate.tribecamedia.com\/en\/corporate-operations\/","title":{"rendered":"Corporate Operations"},"content":{"rendered":"\t\t<div data-elementor-type=\"wp-page\" data-elementor-id=\"23496\" class=\"elementor elementor-23496 elementor-4474\" data-elementor-post-type=\"page\">\n\t\t\t\t\t\t<section class=\"elementor-section elementor-top-section elementor-element elementor-element-4e4bf2af elementor-section-stretched elementor-section-boxed elementor-section-height-default elementor-section-height-default\" data-id=\"4e4bf2af\" data-element_type=\"section\" data-settings=\"{&quot;stretch_section&quot;:&quot;section-stretched&quot;}\">\n\t\t\t\t\t\t<div class=\"elementor-container elementor-column-gap-default\">\n\t\t\t\t\t<div class=\"elementor-column elementor-col-33 elementor-top-column elementor-element elementor-element-2b30ac3f elementor-hidden-tablet elementor-hidden-phone\" data-id=\"2b30ac3f\" data-element_type=\"column\" id=\"menu\">\n\t\t\t<div class=\"elementor-widget-wrap elementor-element-populated\">\n\t\t\t\t\t\t<div class=\"elementor-element elementor-element-29e69550 elementor-widget elementor-widget-heading\" data-id=\"29e69550\" data-element_type=\"widget\" data-widget_type=\"heading.default\">\n\t\t\t\t<div class=\"elementor-widget-container\">\n\t\t\t\t\t<div class=\"elementor-heading-title elementor-size-default\"><a href=\"https:\/\/diacorporate.com\/en\/equity-and-shares\/\">EQUITY AND SHARES\u200b<\/a><\/div>\t\t\t\t<\/div>\n\t\t\t\t<\/div>\n\t\t\t\t<div class=\"elementor-element elementor-element-5fdc8244 elementor-widget elementor-widget-heading\" data-id=\"5fdc8244\" data-element_type=\"widget\" data-widget_type=\"heading.default\">\n\t\t\t\t<div class=\"elementor-widget-container\">\n\t\t\t\t\t<h2 class=\"elementor-heading-title elementor-size-default\"><a href=\"https:\/\/diacorporate.com\/en\/corporate-operations\/\">CORPORATE OPERATIONS<\/a><\/h2>\t\t\t\t<\/div>\n\t\t\t\t<\/div>\n\t\t\t\t<div class=\"elementor-element elementor-element-25323ca8 elementor-widget-divider--view-line elementor-widget elementor-widget-divider\" data-id=\"25323ca8\" data-element_type=\"widget\" data-widget_type=\"divider.default\">\n\t\t\t\t<div class=\"elementor-widget-container\">\n\t\t\t\t\t\t\t<div class=\"elementor-divider\">\n\t\t\t<span class=\"elementor-divider-separator\">\n\t\t\t\t\t\t<\/span>\n\t\t<\/div>\n\t\t\t\t\t\t<\/div>\n\t\t\t\t<\/div>\n\t\t\t\t\t<\/div>\n\t\t<\/div>\n\t\t\t\t<div class=\"elementor-column elementor-col-66 elementor-top-column elementor-element elementor-element-5f884513\" data-id=\"5f884513\" data-element_type=\"column\">\n\t\t\t<div class=\"elementor-widget-wrap elementor-element-populated\">\n\t\t\t\t\t\t<div class=\"elementor-element elementor-element-19ee249 elementor-hidden-desktop elementor-hidden-tablet elementor-hidden-mobile elementor-widget elementor-widget-pdf_viewer\" data-id=\"19ee249\" data-element_type=\"widget\" data-widget_type=\"pdf_viewer.default\">\n\t\t\t\t<div class=\"elementor-widget-container\">\n\t\t\t\t\t<div class=\"dia-container individual_file\"><ul class=\"dia-list-items\"><li class=\"dia-list-item active\" title=\"CONTRASPLIT FREQUENTLY ASKED QUESTIONS\">\n        <a href=\"https:\/\/diacorporate.com\/wp-content\/uploads\/2025\/02\/Dia_FAQ_ReverseStockSplit.Jan25.VF_-1.pdf\" target=\"_blank\" alt=\"https:\/\/diacorporate.com\/wp-content\/uploads\/2025\/02\/Dia_FAQ_ReverseStockSplit.Jan25.VF_-1.pdf\">\n        <span class=\"dia-list-icon\"><img decoding=\"async\" class=\"ico-inline\" src=\"\/wp-content\/plugins\/dia-files\/public\/img\/download.svg\"><\/span>\n        <span class=\"dia-list-text\">CONTRASPLIT FREQUENTLY ASKED QUESTIONS<\/span><\/a><\/li><\/ul><\/div>\t\t\t\t<\/div>\n\t\t\t\t<\/div>\n\t\t\t\t<div class=\"elementor-element elementor-element-6bd2b95e elementor-widget elementor-widget-heading\" data-id=\"6bd2b95e\" data-element_type=\"widget\" data-widget_type=\"heading.default\">\n\t\t\t\t<div class=\"elementor-widget-container\">\n\t\t\t\t\t<h1 class=\"elementor-heading-title elementor-size-default\">CORPORATE OPERATIONS<\/h1>\t\t\t\t<\/div>\n\t\t\t\t<\/div>\n\t\t\t\t<div class=\"elementor-element elementor-element-760dea97 elementor-widget-divider--view-line elementor-widget elementor-widget-divider\" data-id=\"760dea97\" data-element_type=\"widget\" data-widget_type=\"divider.default\">\n\t\t\t\t<div class=\"elementor-widget-container\">\n\t\t\t\t\t\t\t<div class=\"elementor-divider\">\n\t\t\t<span class=\"elementor-divider-separator\">\n\t\t\t\t\t\t<\/span>\n\t\t<\/div>\n\t\t\t\t\t\t<\/div>\n\t\t\t\t<\/div>\n\t\t\t\t<div class=\"elementor-element elementor-element-1a9bdcfb elementor-widget elementor-widget-heading\" data-id=\"1a9bdcfb\" data-element_type=\"widget\" data-widget_type=\"heading.default\">\n\t\t\t\t<div class=\"elementor-widget-container\">\n\t\t\t\t\t<h2 class=\"elementor-heading-title elementor-size-default\">Corporate Operations<\/h2>\t\t\t\t<\/div>\n\t\t\t\t<\/div>\n\t\t\t\t<div class=\"elementor-element elementor-element-84828ed elementor-widget elementor-widget-shortcode\" data-id=\"84828ed\" data-element_type=\"widget\" data-widget_type=\"shortcode.default\">\n\t\t\t\t<div class=\"elementor-widget-container\">\n\t\t\t\t\t\t\t<div class=\"elementor-shortcode\"><div class=\"dia-container orderby  \"><h3>Capital increase 2021<\/h3><ul class=\"dia-list-items\"><li class=\"dia-list-item dia_file_id_32823 active\" title=\"Securities Note\" tags=\"1802\" date=\"2021\/07\/09\">\n            <a href=\"https:\/\/diacorporate.com\/wp-content\/uploads\/2021\/07\/Securities-Note.pdf\" title=\"abre en una nueva ventana\" target=\"_blank\" alt=\"Securities-Note.pdf\">\n            <span class=\"dia-list-icon\"><img decoding=\"async\" class=\"ico-inline\" src=\"http:\/\/diacorporate.tribecamedia.com\/wp-content\/plugins\/dia-files\/public\/img\/download.svg\" alt=\"dia-file-link-icon\"><\/span>\n            <span class=\"dia-list-text\">Securities Note<\/span><\/a><\/li><li class=\"dia-list-item dia_file_id_32821 active\" title=\"Registration Document\" tags=\"1802\" date=\"2021\/07\/09\">\n            <a href=\"https:\/\/diacorporate.com\/wp-content\/uploads\/2021\/07\/Registration-Document.pdf\" title=\"abre en una nueva ventana\" target=\"_blank\" alt=\"Registration-Document.pdf\">\n            <span class=\"dia-list-icon\"><img decoding=\"async\" class=\"ico-inline\" src=\"http:\/\/diacorporate.tribecamedia.com\/wp-content\/plugins\/dia-files\/public\/img\/download.svg\" alt=\"dia-file-link-icon\"><\/span>\n            <span class=\"dia-list-text\">Registration Document<\/span><\/a><\/li><\/ul><h3>Capital increase 2019<\/h3><ul class=\"dia-list-items\"><li class=\"dia-list-item dia_file_id_25751 active\" title=\"Capital Increase Price\" tags=\"315\" date=\"2021\/04\/29\">\n            <a href=\"https:\/\/diacorporate.com\/wp-content\/uploads\/2021\/04\/2021-Capital-Increase-Price.pdf\" title=\"abre en una nueva ventana\" target=\"_blank\" alt=\"2021-Capital-Increase-Price.pdf\">\n            <span class=\"dia-list-icon\"><img decoding=\"async\" class=\"ico-inline\" src=\"http:\/\/diacorporate.tribecamedia.com\/wp-content\/plugins\/dia-files\/public\/img\/download.svg\" alt=\"dia-file-link-icon\"><\/span>\n            <span class=\"dia-list-text\">Capital Increase Price<\/span><\/a><\/li><li class=\"dia-list-item dia_file_id_25690 active\" title=\"Report of the Board on Capital Increase\" tags=\"315\" date=\"2021\/04\/29\">\n            <a href=\"https:\/\/diacorporate.com\/wp-content\/uploads\/2021\/04\/Informe-Consejo-aumento-de-capital-ENG.pdf\" title=\"abre en una nueva ventana\" target=\"_blank\" alt=\"Informe-Consejo-aumento-de-capital-ENG.pdf\">\n            <span class=\"dia-list-icon\"><img decoding=\"async\" class=\"ico-inline\" src=\"http:\/\/diacorporate.tribecamedia.com\/wp-content\/plugins\/dia-files\/public\/img\/download.svg\" alt=\"dia-file-link-icon\"><\/span>\n            <span class=\"dia-list-text\">Report of the Board on Capital Increase<\/span><\/a><\/li><\/ul><ul class=\"dia-list-items\"><li class=\"dia-list-item dia_file_id_16712 active\" title=\"Road show Capital Increase Presentation\"  date=\"2019\/10\/01\">\n            <a href=\"https:\/\/diacorporate.com\/wp-content\/uploads\/2021\/02\/roadshow-capital-increase-presentation.pdf\" title=\"abre en una nueva ventana\" target=\"_blank\" alt=\"roadshow-capital-increase-presentation.pdf\">\n            <span class=\"dia-list-icon\"><img decoding=\"async\" class=\"ico-inline\" src=\"http:\/\/diacorporate.tribecamedia.com\/wp-content\/plugins\/dia-files\/public\/img\/download.svg\" alt=\"dia-file-link-icon\"><\/span>\n            <span class=\"dia-list-text\">Road show Capital Increase Presentation<\/span><\/a><\/li><\/ul><\/div><\/div>\n\t\t\t\t\t\t<\/div>\n\t\t\t\t<\/div>\n\t\t\t\t\t<\/div>\n\t\t<\/div>\n\t\t\t\t\t<\/div>\n\t\t<\/section>\n\t\t\t\t<section class=\"elementor-section elementor-top-section elementor-element elementor-element-4ca3a785 elementor-section-stretched subfooter-row animated-slow elementor-section-boxed elementor-section-height-default elementor-section-height-default elementor-invisible\" data-id=\"4ca3a785\" data-element_type=\"section\" data-settings=\"{&quot;stretch_section&quot;:&quot;section-stretched&quot;,&quot;background_background&quot;:&quot;classic&quot;,&quot;motion_fx_motion_fx_scrolling&quot;:&quot;yes&quot;,&quot;animation&quot;:&quot;fadeIn&quot;,&quot;animation_tablet&quot;:&quot;fadeIn&quot;,&quot;animation_mobile&quot;:&quot;fadeIn&quot;,&quot;motion_fx_devices&quot;:[&quot;desktop&quot;,&quot;tablet&quot;,&quot;mobile&quot;]}\">\n\t\t\t\t\t\t<div class=\"elementor-container elementor-column-gap-default\">\n\t\t\t\t\t<div class=\"elementor-column elementor-col-50 elementor-top-column elementor-element elementor-element-29e6dd89\" data-id=\"29e6dd89\" data-element_type=\"column\">\n\t\t\t<div class=\"elementor-widget-wrap elementor-element-populated\">\n\t\t\t\t\t\t<div class=\"elementor-element elementor-element-3289fb8a elementor-position-left elementor-vertical-align-middle elementor-widget elementor-widget-image-box\" data-id=\"3289fb8a\" data-element_type=\"widget\" data-widget_type=\"image-box.default\">\n\t\t\t\t<div class=\"elementor-widget-container\">\n\t\t\t\t\t<div class=\"elementor-image-box-wrapper\"><figure class=\"elementor-image-box-img\"><a href=\"https:\/\/diacorporate.com\/en\/general-shareholders-meeting\/\" tabindex=\"-1\"><img decoding=\"async\" width=\"187\" height=\"173\" src=\"http:\/\/diacorporate.tribecamedia.com\/wp-content\/uploads\/2021\/01\/sub-footer-cta3.png\" class=\"attachment-full size-full wp-image-5224\" alt=\"Sub footer cta3\" \/><\/a><\/figure><div class=\"elementor-image-box-content\"><div class=\"elementor-image-box-title\"><a href=\"https:\/\/diacorporate.com\/en\/general-shareholders-meeting\/\">ALL THE INFORMATION ABOUT THE JGA<\/a><\/div><\/div><\/div>\t\t\t\t<\/div>\n\t\t\t\t<\/div>\n\t\t\t\t\t<\/div>\n\t\t<\/div>\n\t\t\t\t<div class=\"elementor-column elementor-col-50 elementor-top-column elementor-element elementor-element-2f0f4c9a\" data-id=\"2f0f4c9a\" data-element_type=\"column\">\n\t\t\t<div class=\"elementor-widget-wrap elementor-element-populated\">\n\t\t\t\t\t\t<div class=\"elementor-element elementor-element-767df453 elementor-position-left elementor-vertical-align-middle elementor-widget elementor-widget-image-box\" data-id=\"767df453\" data-element_type=\"widget\" data-widget_type=\"image-box.default\">\n\t\t\t\t<div class=\"elementor-widget-container\">\n\t\t\t\t\t<div class=\"elementor-image-box-wrapper\"><figure class=\"elementor-image-box-img\"><a href=\"https:\/\/diacorporate.com\/en\/quaterly-results\/\" tabindex=\"-1\"><img decoding=\"async\" width=\"186\" height=\"171\" src=\"http:\/\/diacorporate.tribecamedia.com\/wp-content\/uploads\/2021\/01\/sub-footer-cta8.png\" class=\"attachment-full size-full wp-image-5271\" alt=\"Sub footer cta8\" \/><\/a><\/figure><div class=\"elementor-image-box-content\"><div class=\"elementor-image-box-title\"><a href=\"https:\/\/diacorporate.com\/en\/quaterly-results\/\">BE INFORMED ABOUT QUARTERLY RESULTS<\/a><\/div><\/div><\/div>\t\t\t\t<\/div>\n\t\t\t\t<\/div>\n\t\t\t\t\t<\/div>\n\t\t<\/div>\n\t\t\t\t\t<\/div>\n\t\t<\/section>\n\t\t\t\t<\/div>\n\t\t","protected":false},"excerpt":{"rendered":"<p>EQUITY AND SHARES\u200b CORPORATE OPERATIONS CONTRASPLIT FREQUENTLY ASKED QUESTIONS CORPORATE OPERATIONS Corporate Operations ALL THE INFORMATION ABOUT THE JGA BE INFORMED ABOUT QUARTERLY RESULTS<\/p>\n","protected":false},"author":3,"featured_media":15118,"parent":0,"menu_order":0,"comment_status":"closed","ping_status":"closed","template":"","meta":{"footnotes":""},"class_list":["post-23496","page","type-page","status-publish","has-post-thumbnail","hentry","description-off"],"yoast_head":"<!-- This site is optimized with the Yoast SEO Premium plugin v26.2 (Yoast SEO v26.2) - https:\/\/yoast.com\/wordpress\/plugins\/seo\/ -->\n<title>Dia Group. Information about our corporate operations<\/title>\n<meta name=\"description\" content=\"You can find in this page all the updated information about the corporate operations of our company Dia Group.\" \/>\n<meta name=\"robots\" content=\"index, follow, max-snippet:-1, max-image-preview:large, max-video-preview:-1\" \/>\n<link rel=\"canonical\" href=\"http:\/\/diacorporate.tribecamedia.com\/en\/corporate-operations\/\" \/>\n<meta property=\"og:locale\" content=\"en_US\" \/>\n<meta property=\"og:type\" content=\"article\" \/>\n<meta property=\"og:title\" content=\"Corporate Operations\" \/>\n<meta property=\"og:description\" content=\"You can find in this page all the updated information about the corporate operations of our company Dia Group.\" \/>\n<meta property=\"og:url\" content=\"http:\/\/diacorporate.tribecamedia.com\/en\/corporate-operations\/\" \/>\n<meta property=\"og:site_name\" content=\"D\u00eda\" \/>\n<meta property=\"article:modified_time\" content=\"2025-02-27T12:11:40+00:00\" \/>\n<meta property=\"og:image\" content=\"http:\/\/diacorporate.tribecamedia.com\/wp-content\/uploads\/2021\/02\/dia-noticias.png\" \/>\n\t<meta property=\"og:image:width\" content=\"461\" \/>\n\t<meta property=\"og:image:height\" content=\"300\" \/>\n\t<meta property=\"og:image:type\" content=\"image\/png\" \/>\n<meta name=\"twitter:card\" content=\"summary_large_image\" \/>\n<meta name=\"twitter:label1\" content=\"Est. reading time\" \/>\n\t<meta name=\"twitter:data1\" content=\"1 minute\" \/>\n<script type=\"application\/ld+json\" class=\"yoast-schema-graph\">{\"@context\":\"https:\/\/schema.org\",\"@graph\":[{\"@type\":\"WebPage\",\"@id\":\"http:\/\/diacorporate.tribecamedia.com\/en\/corporate-operations\/\",\"url\":\"http:\/\/diacorporate.tribecamedia.com\/en\/corporate-operations\/\",\"name\":\"Dia Group. Information about our corporate operations\",\"isPartOf\":{\"@id\":\"http:\/\/diacorporate.tribecamedia.com\/en\/#website\"},\"primaryImageOfPage\":{\"@id\":\"http:\/\/diacorporate.tribecamedia.com\/en\/corporate-operations\/#primaryimage\"},\"image\":{\"@id\":\"http:\/\/diacorporate.tribecamedia.com\/en\/corporate-operations\/#primaryimage\"},\"thumbnailUrl\":\"http:\/\/diacorporate.tribecamedia.com\/wp-content\/uploads\/2021\/02\/dia-noticias.png\",\"datePublished\":\"2021-01-20T09:47:51+00:00\",\"dateModified\":\"2025-02-27T12:11:40+00:00\",\"description\":\"You can find in this page all the updated information about the corporate operations of our company Dia Group.\",\"inLanguage\":\"en-US\",\"potentialAction\":[{\"@type\":\"ReadAction\",\"target\":[\"http:\/\/diacorporate.tribecamedia.com\/en\/corporate-operations\/\"]}]},{\"@type\":\"ImageObject\",\"inLanguage\":\"en-US\",\"@id\":\"http:\/\/diacorporate.tribecamedia.com\/en\/corporate-operations\/#primaryimage\",\"url\":\"http:\/\/diacorporate.tribecamedia.com\/wp-content\/uploads\/2021\/02\/dia-noticias.png\",\"contentUrl\":\"http:\/\/diacorporate.tribecamedia.com\/wp-content\/uploads\/2021\/02\/dia-noticias.png\",\"width\":461,\"height\":300,\"caption\":\"DIA News\"},{\"@type\":\"WebSite\",\"@id\":\"http:\/\/diacorporate.tribecamedia.com\/en\/#website\",\"url\":\"http:\/\/diacorporate.tribecamedia.com\/en\/\",\"name\":\"D\u00eda\",\"description\":\"En esta p\u00e1gina encontrar\u00e1s toda la informaci\u00f3n actualizada de Grupo Dia en el mundo\",\"publisher\":{\"@id\":\"http:\/\/diacorporate.tribecamedia.com\/en\/#organization\"},\"potentialAction\":[{\"@type\":\"SearchAction\",\"target\":{\"@type\":\"EntryPoint\",\"urlTemplate\":\"http:\/\/diacorporate.tribecamedia.com\/en\/?s={search_term_string}\"},\"query-input\":{\"@type\":\"PropertyValueSpecification\",\"valueRequired\":true,\"valueName\":\"search_term_string\"}}],\"inLanguage\":\"en-US\"},{\"@type\":\"Organization\",\"@id\":\"http:\/\/diacorporate.tribecamedia.com\/en\/#organization\",\"name\":\"GRUPO DIA\",\"url\":\"http:\/\/diacorporate.tribecamedia.com\/en\/\",\"logo\":{\"@type\":\"ImageObject\",\"inLanguage\":\"en-US\",\"@id\":\"http:\/\/diacorporate.tribecamedia.com\/en\/#\/schema\/logo\/image\/\",\"url\":\"https:\/\/diacorporate.com\/wp-content\/uploads\/2021\/02\/dia.png\",\"contentUrl\":\"https:\/\/diacorporate.com\/wp-content\/uploads\/2021\/02\/dia.png\",\"width\":1048,\"height\":528,\"caption\":\"GRUPO DIA\"},\"image\":{\"@id\":\"http:\/\/diacorporate.tribecamedia.com\/en\/#\/schema\/logo\/image\/\"}}]}<\/script>\n<!-- \/ Yoast SEO Premium plugin. -->","yoast_head_json":{"title":"Dia Group. Information about our corporate operations","description":"You can find in this page all the updated information about the corporate operations of our company Dia Group.","robots":{"index":"index","follow":"follow","max-snippet":"max-snippet:-1","max-image-preview":"max-image-preview:large","max-video-preview":"max-video-preview:-1"},"canonical":"http:\/\/diacorporate.tribecamedia.com\/en\/corporate-operations\/","og_locale":"en_US","og_type":"article","og_title":"Corporate Operations","og_description":"You can find in this page all the updated information about the corporate operations of our company Dia Group.","og_url":"http:\/\/diacorporate.tribecamedia.com\/en\/corporate-operations\/","og_site_name":"D\u00eda","article_modified_time":"2025-02-27T12:11:40+00:00","og_image":[{"width":461,"height":300,"url":"http:\/\/diacorporate.tribecamedia.com\/wp-content\/uploads\/2021\/02\/dia-noticias.png","type":"image\/png"}],"twitter_card":"summary_large_image","twitter_misc":{"Est. reading time":"1 minute"},"schema":{"@context":"https:\/\/schema.org","@graph":[{"@type":"WebPage","@id":"http:\/\/diacorporate.tribecamedia.com\/en\/corporate-operations\/","url":"http:\/\/diacorporate.tribecamedia.com\/en\/corporate-operations\/","name":"Dia Group. Information about our corporate operations","isPartOf":{"@id":"http:\/\/diacorporate.tribecamedia.com\/en\/#website"},"primaryImageOfPage":{"@id":"http:\/\/diacorporate.tribecamedia.com\/en\/corporate-operations\/#primaryimage"},"image":{"@id":"http:\/\/diacorporate.tribecamedia.com\/en\/corporate-operations\/#primaryimage"},"thumbnailUrl":"http:\/\/diacorporate.tribecamedia.com\/wp-content\/uploads\/2021\/02\/dia-noticias.png","datePublished":"2021-01-20T09:47:51+00:00","dateModified":"2025-02-27T12:11:40+00:00","description":"You can find in this page all the updated information about the corporate operations of our company Dia Group.","inLanguage":"en-US","potentialAction":[{"@type":"ReadAction","target":["http:\/\/diacorporate.tribecamedia.com\/en\/corporate-operations\/"]}]},{"@type":"ImageObject","inLanguage":"en-US","@id":"http:\/\/diacorporate.tribecamedia.com\/en\/corporate-operations\/#primaryimage","url":"http:\/\/diacorporate.tribecamedia.com\/wp-content\/uploads\/2021\/02\/dia-noticias.png","contentUrl":"http:\/\/diacorporate.tribecamedia.com\/wp-content\/uploads\/2021\/02\/dia-noticias.png","width":461,"height":300,"caption":"DIA News"},{"@type":"WebSite","@id":"http:\/\/diacorporate.tribecamedia.com\/en\/#website","url":"http:\/\/diacorporate.tribecamedia.com\/en\/","name":"D\u00eda","description":"En esta p\u00e1gina encontrar\u00e1s toda la informaci\u00f3n actualizada de Grupo Dia en el mundo","publisher":{"@id":"http:\/\/diacorporate.tribecamedia.com\/en\/#organization"},"potentialAction":[{"@type":"SearchAction","target":{"@type":"EntryPoint","urlTemplate":"http:\/\/diacorporate.tribecamedia.com\/en\/?s={search_term_string}"},"query-input":{"@type":"PropertyValueSpecification","valueRequired":true,"valueName":"search_term_string"}}],"inLanguage":"en-US"},{"@type":"Organization","@id":"http:\/\/diacorporate.tribecamedia.com\/en\/#organization","name":"GRUPO DIA","url":"http:\/\/diacorporate.tribecamedia.com\/en\/","logo":{"@type":"ImageObject","inLanguage":"en-US","@id":"http:\/\/diacorporate.tribecamedia.com\/en\/#\/schema\/logo\/image\/","url":"https:\/\/diacorporate.com\/wp-content\/uploads\/2021\/02\/dia.png","contentUrl":"https:\/\/diacorporate.com\/wp-content\/uploads\/2021\/02\/dia.png","width":1048,"height":528,"caption":"GRUPO DIA"},"image":{"@id":"http:\/\/diacorporate.tribecamedia.com\/en\/#\/schema\/logo\/image\/"}}]}},"_links":{"self":[{"href":"http:\/\/diacorporate.tribecamedia.com\/en\/wp-json\/wp\/v2\/pages\/23496","targetHints":{"allow":["GET"]}}],"collection":[{"href":"http:\/\/diacorporate.tribecamedia.com\/en\/wp-json\/wp\/v2\/pages"}],"about":[{"href":"http:\/\/diacorporate.tribecamedia.com\/en\/wp-json\/wp\/v2\/types\/page"}],"author":[{"embeddable":true,"href":"http:\/\/diacorporate.tribecamedia.com\/en\/wp-json\/wp\/v2\/users\/3"}],"replies":[{"embeddable":true,"href":"http:\/\/diacorporate.tribecamedia.com\/en\/wp-json\/wp\/v2\/comments?post=23496"}],"version-history":[{"count":3,"href":"http:\/\/diacorporate.tribecamedia.com\/en\/wp-json\/wp\/v2\/pages\/23496\/revisions"}],"predecessor-version":[{"id":52475,"href":"http:\/\/diacorporate.tribecamedia.com\/en\/wp-json\/wp\/v2\/pages\/23496\/revisions\/52475"}],"wp:featuredmedia":[{"embeddable":true,"href":"http:\/\/diacorporate.tribecamedia.com\/en\/wp-json\/wp\/v2\/media\/15118"}],"wp:attachment":[{"href":"http:\/\/diacorporate.tribecamedia.com\/en\/wp-json\/wp\/v2\/media?parent=23496"}],"curies":[{"name":"wp","href":"https:\/\/api.w.org\/{rel}","templated":true}]}}