{"id":23901,"date":"2021-02-24T08:03:51","date_gmt":"2021-02-24T07:03:51","guid":{"rendered":"https:\/\/diacorporate.com\/?page_id=23901"},"modified":"2022-10-14T13:07:55","modified_gmt":"2022-10-14T11:07:55","slug":"sitemap","status":"publish","type":"page","link":"http:\/\/diacorporate.tribecamedia.com\/en\/sitemap\/","title":{"rendered":"Sitemap"},"content":{"rendered":"\t\t<div data-elementor-type=\"wp-page\" data-elementor-id=\"23901\" class=\"elementor elementor-23901 elementor-23900\" data-elementor-post-type=\"page\">\n\t\t\t\t\t\t<section class=\"elementor-section elementor-top-section elementor-element elementor-element-7569395 elementor-section-full_width elementor-section-height-default elementor-section-height-default\" data-id=\"7569395\" data-element_type=\"section\">\n\t\t\t\t\t\t<div class=\"elementor-container elementor-column-gap-no\">\n\t\t\t\t\t<div class=\"elementor-column elementor-col-100 elementor-top-column elementor-element elementor-element-125a1bc\" data-id=\"125a1bc\" data-element_type=\"column\">\n\t\t\t<div class=\"elementor-widget-wrap elementor-element-populated\">\n\t\t\t\t\t\t<div class=\"elementor-element elementor-element-f90bcf3 elementor-widget elementor-widget-heading\" data-id=\"f90bcf3\" data-element_type=\"widget\" data-widget_type=\"heading.default\">\n\t\t\t\t<div class=\"elementor-widget-container\">\n\t\t\t\t\t<h1 class=\"elementor-heading-title elementor-size-default\">SITEMAP<\/h1>\t\t\t\t<\/div>\n\t\t\t\t<\/div>\n\t\t\t\t<div class=\"elementor-element elementor-element-2b97297 elementor-widget-divider--view-line elementor-widget elementor-widget-divider\" data-id=\"2b97297\" data-element_type=\"widget\" data-widget_type=\"divider.default\">\n\t\t\t\t<div class=\"elementor-widget-container\">\n\t\t\t\t\t\t\t<div class=\"elementor-divider\">\n\t\t\t<span class=\"elementor-divider-separator\">\n\t\t\t\t\t\t<\/span>\n\t\t<\/div>\n\t\t\t\t\t\t<\/div>\n\t\t\t\t<\/div>\n\t\t\t\t\t<\/div>\n\t\t<\/div>\n\t\t\t\t\t<\/div>\n\t\t<\/section>\n\t\t\t\t<section class=\"elementor-section elementor-top-section elementor-element elementor-element-eff2bb3 elementor-section-full_width elementor-section-height-default elementor-section-height-default\" data-id=\"eff2bb3\" data-element_type=\"section\">\n\t\t\t\t\t\t<div class=\"elementor-container elementor-column-gap-no\">\n\t\t\t\t\t<div class=\"elementor-column elementor-col-100 elementor-top-column elementor-element elementor-element-8d327ba\" data-id=\"8d327ba\" data-element_type=\"column\">\n\t\t\t<div class=\"elementor-widget-wrap elementor-element-populated\">\n\t\t\t\t\t\t<div class=\"elementor-element elementor-element-d3a7776 elementor-widget elementor-widget-heading\" data-id=\"d3a7776\" data-element_type=\"widget\" data-widget_type=\"heading.default\">\n\t\t\t\t<div class=\"elementor-widget-container\">\n\t\t\t\t\t<h2 class=\"elementor-heading-title elementor-size-default\">Sitemap<\/h2>\t\t\t\t<\/div>\n\t\t\t\t<\/div>\n\t\t\t\t\t<\/div>\n\t\t<\/div>\n\t\t\t\t\t<\/div>\n\t\t<\/section>\n\t\t\t\t<section class=\"elementor-section elementor-top-section elementor-element elementor-element-0208c56 elementor-section-boxed elementor-section-height-default elementor-section-height-default\" data-id=\"0208c56\" data-element_type=\"section\">\n\t\t\t\t\t\t<div class=\"elementor-container elementor-column-gap-default\">\n\t\t\t\t\t<div class=\"elementor-column elementor-col-50 elementor-top-column elementor-element elementor-element-e75ab18\" data-id=\"e75ab18\" data-element_type=\"column\">\n\t\t\t<div class=\"elementor-widget-wrap elementor-element-populated\">\n\t\t\t\t\t\t<div class=\"elementor-element elementor-element-32ad904 elementor-widget elementor-widget-text-editor\" data-id=\"32ad904\" data-element_type=\"widget\" data-widget_type=\"text-editor.default\">\n\t\t\t\t<div class=\"elementor-widget-container\">\n\t\t\t\t\t\t\t\t\t<h2>Main Menu<\/h2><ul><li style=\"list-style-type: none;\"><ul><li>Meet Dia Group<ul><li><a href=\"https:\/\/diacorporate.com\/en\/closer-every-day\/\">Closer Every Day<\/a><\/li><li><a href=\"https:\/\/diacorporate.com\/en\/our-history\/\">Our History<\/a><\/li><li><a href=\"https:\/\/diacorporate.com\/en\/franchises\/\">Franchises<\/a><\/li><li><a href=\"https:\/\/diacorporate.com\/en\/board-directors\/\">Board of Directors<\/a><\/li><li><a href=\"https:\/\/diacorporate.com\/en\/management-board\/\">Management Board<\/a><\/li><\/ul><\/li><\/ul><\/li><\/ul><p>\u00a0<\/p><ul><li style=\"list-style-type: none;\"><ul><li><a href=\"https:\/\/diacorporate.com\/en\/sustainable-vision\/\">Sustainable Vision<\/a><\/li><\/ul><\/li><\/ul><p>\u00a0<\/p><ul><li style=\"list-style-type: none;\"><ul><li>Ethics &amp; Corporate Governance<ul><li><a href=\"https:\/\/diacorporate.com\/en\/good-governance-code-of-ethic\/\">Good Governance \u2013 Code of Ethics<\/a><\/li><li><a href=\"https:\/\/diacorporate.com\/en\/corporate-policies\/\">Corporate Policies<\/a><\/li><li><a href=\"https:\/\/diacorporate.com\/en\/bylaws-and-regulations\/\">Bylaws and Regulations<\/a><\/li><li><a href=\"https:\/\/diacorporate.com\/en\/board-committees\/\">Committees of the Board<\/a><\/li><li><a href=\"https:\/\/diacorporate.com\/en\/corporate-reports\/\">Corporate Reports<\/a><\/li><\/ul><\/li><\/ul><\/li><\/ul><p>\u00a0<\/p><ul><li>Shareholders and Investors<ul><li>Equity and Shares<ul><li><a href=\"https:\/\/diacorporate.com\/en\/equity-and-shares\/\">Equity and Shares<\/a><\/li><li><a href=\"https:\/\/diacorporate.com\/en\/corporate-operations\/\">Corporate Operations<\/a><\/li><\/ul><\/li><li>Financial Information<ul><li><a href=\"https:\/\/diacorporate.com\/en\/main-figures\/\">Main Figures<\/a><\/li><li><a href=\"https:\/\/diacorporate.com\/en\/quaterly-results\/\">Quarterly Result<\/a><\/li><li><a href=\"https:\/\/diacorporate.com\/en\/accounting-reports\/\">Accounting Reports<\/a><\/li><\/ul><\/li><li><a href=\"https:\/\/diacorporate.com\/en\/fixed-income-and-rating\/\">Fixed Income and Rating<\/a><\/li><li><a href=\"https:\/\/diacorporate.com\/en\/cnmv-information\/\">CNMV Information<\/a><\/li><li><a href=\"https:\/\/diacorporate.com\/en\/general-shareholders-meeting\/\">General Shareholders Meeting<\/a><\/li><li><a href=\"https:\/\/diacorporate.com\/en\/investor-events\/\">Investor Events<\/a><\/li><li>Historical Data<ul><li><a href=\"https:\/\/diacorporate.com\/en\/historical-statements\/\">Historical Statements<\/a><\/li><li><a href=\"https:\/\/diacorporate.com\/en\/shareholders\/\">Shareholders Meeting<\/a><\/li><\/ul><\/li><\/ul><\/li><\/ul>\t\t\t\t\t\t\t\t<\/div>\n\t\t\t\t<\/div>\n\t\t\t\t\t<\/div>\n\t\t<\/div>\n\t\t\t\t<div class=\"elementor-column elementor-col-50 elementor-top-column elementor-element elementor-element-f6593a2\" data-id=\"f6593a2\" data-element_type=\"column\">\n\t\t\t<div class=\"elementor-widget-wrap elementor-element-populated\">\n\t\t\t\t\t\t<div class=\"elementor-element elementor-element-0822412 elementor-widget elementor-widget-text-editor\" data-id=\"0822412\" data-element_type=\"widget\" data-widget_type=\"text-editor.default\">\n\t\t\t\t<div class=\"elementor-widget-container\">\n\t\t\t\t\t\t\t\t\t<h2>Header Menu<\/h2>\n<ul>\n \t<li><a href=\"https:\/\/diacorporate.com\/en\/media\/\">Media<\/a><\/li>\n \t<li><a href=\"https:\/\/diacorporate.com\/en\/people\/\">People<\/a><\/li>\n \t<li><a href=\"https:\/\/diacorporate.com\/en\/contact\/\">Contact<\/a><\/li>\n<\/ul>\n<br>\n<h2>Footer Menu<\/h2>\n<ul>\n \t<li><a href=\"https:\/\/diacorporate.com\/en\/legal-notice\/\">Legal notice<\/a><\/li>\n \t<li><a href=\"https:\/\/diacorporate.com\/en\/accessibility\/\">Accessibility<\/a><\/li>\n \t<li><a href=\"https:\/\/diacorporate.com\/en\/privacy-policy\/\">Privacy Policy<\/a><\/li>\n \t<li><a href=\"https:\/\/diacorporate.com\/en\/cookies-policy\/\">Cookies<\/a><\/li>\n<\/ul>\t\t\t\t\t\t\t\t<\/div>\n\t\t\t\t<\/div>\n\t\t\t\t\t<\/div>\n\t\t<\/div>\n\t\t\t\t\t<\/div>\n\t\t<\/section>\n\t\t\t\t<\/div>\n\t\t","protected":false},"excerpt":{"rendered":"<p>SITEMAP Sitemap Main Menu Meet Dia Group Closer Every Day Our History Franchises Board of Directors Management Board \u00a0 Sustainable Vision \u00a0 Ethics &amp; Corporate Governance Good Governance \u2013 Code of Ethics Corporate Policies Bylaws and Regulations Committees of the Board Corporate Reports \u00a0 Shareholders and Investors Equity and Shares Equity and Shares Corporate Operations&hellip;<\/p>\n","protected":false},"author":3,"featured_media":15117,"parent":0,"menu_order":0,"comment_status":"closed","ping_status":"closed","template":"elementor_header_footer","meta":{"footnotes":""},"class_list":["post-23901","page","type-page","status-publish","has-post-thumbnail","hentry"],"yoast_head":"<!-- This site is optimized with the Yoast SEO Premium plugin v26.2 (Yoast SEO v26.2) - https:\/\/yoast.com\/wordpress\/plugins\/seo\/ -->\n<title>DIA group. Accessibility facilities of our website<\/title>\n<meta name=\"description\" content=\"Our site works well on all types of desktop and mobile devices with no extra work and no pre-processing.\" \/>\n<meta name=\"robots\" content=\"noindex, nofollow\" \/>\n<meta property=\"og:locale\" content=\"en_US\" \/>\n<meta property=\"og:type\" content=\"article\" \/>\n<meta property=\"og:title\" content=\"Sitemap\" \/>\n<meta property=\"og:description\" content=\"Our site works well on all types of desktop and mobile devices with no extra work and no pre-processing.\" \/>\n<meta property=\"og:url\" content=\"http:\/\/diacorporate.tribecamedia.com\/en\/sitemap\/\" \/>\n<meta property=\"og:site_name\" content=\"D\u00eda\" \/>\n<meta property=\"article:modified_time\" content=\"2022-10-14T11:07:55+00:00\" \/>\n<meta property=\"og:image\" content=\"http:\/\/diacorporate.tribecamedia.com\/wp-content\/uploads\/2021\/02\/dia-noticias.png\" \/>\n\t<meta property=\"og:image:width\" content=\"461\" \/>\n\t<meta property=\"og:image:height\" content=\"300\" \/>\n\t<meta property=\"og:image:type\" content=\"image\/png\" \/>\n<meta name=\"twitter:card\" content=\"summary_large_image\" \/>\n<meta name=\"twitter:label1\" content=\"Est. reading time\" \/>\n\t<meta name=\"twitter:data1\" content=\"1 minute\" \/>\n<script type=\"application\/ld+json\" class=\"yoast-schema-graph\">{\"@context\":\"https:\/\/schema.org\",\"@graph\":[{\"@type\":\"WebPage\",\"@id\":\"http:\/\/diacorporate.tribecamedia.com\/en\/sitemap\/\",\"url\":\"http:\/\/diacorporate.tribecamedia.com\/en\/sitemap\/\",\"name\":\"DIA group. Accessibility facilities of our website\",\"isPartOf\":{\"@id\":\"http:\/\/diacorporate.tribecamedia.com\/en\/#website\"},\"primaryImageOfPage\":{\"@id\":\"http:\/\/diacorporate.tribecamedia.com\/en\/sitemap\/#primaryimage\"},\"image\":{\"@id\":\"http:\/\/diacorporate.tribecamedia.com\/en\/sitemap\/#primaryimage\"},\"thumbnailUrl\":\"http:\/\/diacorporate.tribecamedia.com\/wp-content\/uploads\/2021\/02\/dia-noticias.png\",\"datePublished\":\"2021-02-24T07:03:51+00:00\",\"dateModified\":\"2022-10-14T11:07:55+00:00\",\"description\":\"Our site works well on all types of desktop and mobile devices with no extra work and no pre-processing.\",\"inLanguage\":\"en-US\",\"potentialAction\":[{\"@type\":\"ReadAction\",\"target\":[\"http:\/\/diacorporate.tribecamedia.com\/en\/sitemap\/\"]}]},{\"@type\":\"ImageObject\",\"inLanguage\":\"en-US\",\"@id\":\"http:\/\/diacorporate.tribecamedia.com\/en\/sitemap\/#primaryimage\",\"url\":\"http:\/\/diacorporate.tribecamedia.com\/wp-content\/uploads\/2021\/02\/dia-noticias.png\",\"contentUrl\":\"http:\/\/diacorporate.tribecamedia.com\/wp-content\/uploads\/2021\/02\/dia-noticias.png\",\"width\":461,\"height\":300,\"caption\":\"DIA News\"},{\"@type\":\"WebSite\",\"@id\":\"http:\/\/diacorporate.tribecamedia.com\/en\/#website\",\"url\":\"http:\/\/diacorporate.tribecamedia.com\/en\/\",\"name\":\"D\u00eda\",\"description\":\"En esta p\u00e1gina encontrar\u00e1s toda la informaci\u00f3n actualizada de Grupo Dia en el mundo\",\"publisher\":{\"@id\":\"http:\/\/diacorporate.tribecamedia.com\/en\/#organization\"},\"potentialAction\":[{\"@type\":\"SearchAction\",\"target\":{\"@type\":\"EntryPoint\",\"urlTemplate\":\"http:\/\/diacorporate.tribecamedia.com\/en\/?s={search_term_string}\"},\"query-input\":{\"@type\":\"PropertyValueSpecification\",\"valueRequired\":true,\"valueName\":\"search_term_string\"}}],\"inLanguage\":\"en-US\"},{\"@type\":\"Organization\",\"@id\":\"http:\/\/diacorporate.tribecamedia.com\/en\/#organization\",\"name\":\"GRUPO DIA\",\"url\":\"http:\/\/diacorporate.tribecamedia.com\/en\/\",\"logo\":{\"@type\":\"ImageObject\",\"inLanguage\":\"en-US\",\"@id\":\"http:\/\/diacorporate.tribecamedia.com\/en\/#\/schema\/logo\/image\/\",\"url\":\"https:\/\/diacorporate.com\/wp-content\/uploads\/2021\/02\/dia.png\",\"contentUrl\":\"https:\/\/diacorporate.com\/wp-content\/uploads\/2021\/02\/dia.png\",\"width\":1048,\"height\":528,\"caption\":\"GRUPO DIA\"},\"image\":{\"@id\":\"http:\/\/diacorporate.tribecamedia.com\/en\/#\/schema\/logo\/image\/\"}}]}<\/script>\n<!-- \/ Yoast SEO Premium plugin. -->","yoast_head_json":{"title":"DIA group. Accessibility facilities of our website","description":"Our site works well on all types of desktop and mobile devices with no extra work and no pre-processing.","robots":{"index":"noindex","follow":"nofollow"},"og_locale":"en_US","og_type":"article","og_title":"Sitemap","og_description":"Our site works well on all types of desktop and mobile devices with no extra work and no pre-processing.","og_url":"http:\/\/diacorporate.tribecamedia.com\/en\/sitemap\/","og_site_name":"D\u00eda","article_modified_time":"2022-10-14T11:07:55+00:00","og_image":[{"width":461,"height":300,"url":"http:\/\/diacorporate.tribecamedia.com\/wp-content\/uploads\/2021\/02\/dia-noticias.png","type":"image\/png"}],"twitter_card":"summary_large_image","twitter_misc":{"Est. reading time":"1 minute"},"schema":{"@context":"https:\/\/schema.org","@graph":[{"@type":"WebPage","@id":"http:\/\/diacorporate.tribecamedia.com\/en\/sitemap\/","url":"http:\/\/diacorporate.tribecamedia.com\/en\/sitemap\/","name":"DIA group. Accessibility facilities of our website","isPartOf":{"@id":"http:\/\/diacorporate.tribecamedia.com\/en\/#website"},"primaryImageOfPage":{"@id":"http:\/\/diacorporate.tribecamedia.com\/en\/sitemap\/#primaryimage"},"image":{"@id":"http:\/\/diacorporate.tribecamedia.com\/en\/sitemap\/#primaryimage"},"thumbnailUrl":"http:\/\/diacorporate.tribecamedia.com\/wp-content\/uploads\/2021\/02\/dia-noticias.png","datePublished":"2021-02-24T07:03:51+00:00","dateModified":"2022-10-14T11:07:55+00:00","description":"Our site works well on all types of desktop and mobile devices with no extra work and no pre-processing.","inLanguage":"en-US","potentialAction":[{"@type":"ReadAction","target":["http:\/\/diacorporate.tribecamedia.com\/en\/sitemap\/"]}]},{"@type":"ImageObject","inLanguage":"en-US","@id":"http:\/\/diacorporate.tribecamedia.com\/en\/sitemap\/#primaryimage","url":"http:\/\/diacorporate.tribecamedia.com\/wp-content\/uploads\/2021\/02\/dia-noticias.png","contentUrl":"http:\/\/diacorporate.tribecamedia.com\/wp-content\/uploads\/2021\/02\/dia-noticias.png","width":461,"height":300,"caption":"DIA News"},{"@type":"WebSite","@id":"http:\/\/diacorporate.tribecamedia.com\/en\/#website","url":"http:\/\/diacorporate.tribecamedia.com\/en\/","name":"D\u00eda","description":"En esta p\u00e1gina encontrar\u00e1s toda la informaci\u00f3n actualizada de Grupo Dia en el mundo","publisher":{"@id":"http:\/\/diacorporate.tribecamedia.com\/en\/#organization"},"potentialAction":[{"@type":"SearchAction","target":{"@type":"EntryPoint","urlTemplate":"http:\/\/diacorporate.tribecamedia.com\/en\/?s={search_term_string}"},"query-input":{"@type":"PropertyValueSpecification","valueRequired":true,"valueName":"search_term_string"}}],"inLanguage":"en-US"},{"@type":"Organization","@id":"http:\/\/diacorporate.tribecamedia.com\/en\/#organization","name":"GRUPO DIA","url":"http:\/\/diacorporate.tribecamedia.com\/en\/","logo":{"@type":"ImageObject","inLanguage":"en-US","@id":"http:\/\/diacorporate.tribecamedia.com\/en\/#\/schema\/logo\/image\/","url":"https:\/\/diacorporate.com\/wp-content\/uploads\/2021\/02\/dia.png","contentUrl":"https:\/\/diacorporate.com\/wp-content\/uploads\/2021\/02\/dia.png","width":1048,"height":528,"caption":"GRUPO DIA"},"image":{"@id":"http:\/\/diacorporate.tribecamedia.com\/en\/#\/schema\/logo\/image\/"}}]}},"_links":{"self":[{"href":"http:\/\/diacorporate.tribecamedia.com\/en\/wp-json\/wp\/v2\/pages\/23901","targetHints":{"allow":["GET"]}}],"collection":[{"href":"http:\/\/diacorporate.tribecamedia.com\/en\/wp-json\/wp\/v2\/pages"}],"about":[{"href":"http:\/\/diacorporate.tribecamedia.com\/en\/wp-json\/wp\/v2\/types\/page"}],"author":[{"embeddable":true,"href":"http:\/\/diacorporate.tribecamedia.com\/en\/wp-json\/wp\/v2\/users\/3"}],"replies":[{"embeddable":true,"href":"http:\/\/diacorporate.tribecamedia.com\/en\/wp-json\/wp\/v2\/comments?post=23901"}],"version-history":[{"count":3,"href":"http:\/\/diacorporate.tribecamedia.com\/en\/wp-json\/wp\/v2\/pages\/23901\/revisions"}],"predecessor-version":[{"id":40444,"href":"http:\/\/diacorporate.tribecamedia.com\/en\/wp-json\/wp\/v2\/pages\/23901\/revisions\/40444"}],"wp:featuredmedia":[{"embeddable":true,"href":"http:\/\/diacorporate.tribecamedia.com\/en\/wp-json\/wp\/v2\/media\/15117"}],"wp:attachment":[{"href":"http:\/\/diacorporate.tribecamedia.com\/en\/wp-json\/wp\/v2\/media?parent=23901"}],"curies":[{"name":"wp","href":"https:\/\/api.w.org\/{rel}","templated":true}]}}