{"id":42356,"date":"2023-02-13T11:41:59","date_gmt":"2023-02-13T10:41:59","guid":{"rendered":"https:\/\/diacorporate.com\/?page_id=42356"},"modified":"2024-09-03T15:59:10","modified_gmt":"2024-09-03T13:59:10","slug":"values","status":"publish","type":"page","link":"http:\/\/diacorporate.tribecamedia.com\/en\/values\/","title":{"rendered":"Values"},"content":{"rendered":"\t\t<div data-elementor-type=\"wp-page\" data-elementor-id=\"42356\" class=\"elementor elementor-42356 elementor-42355\" data-elementor-post-type=\"page\">\n\t\t\t\t\t\t<section class=\"elementor-section elementor-top-section elementor-element elementor-element-6cab9a4 elementor-section-full_width elementor-section-stretched elementor-section-height-default elementor-section-height-default\" data-id=\"6cab9a4\" data-element_type=\"section\" data-settings=\"{&quot;stretch_section&quot;:&quot;section-stretched&quot;}\">\n\t\t\t\t\t\t<div class=\"elementor-container elementor-column-gap-no\">\n\t\t\t\t\t<div class=\"elementor-column elementor-col-100 elementor-top-column elementor-element elementor-element-1595558\" data-id=\"1595558\" data-element_type=\"column\">\n\t\t\t<div class=\"elementor-widget-wrap elementor-element-populated\">\n\t\t\t\t\t\t<div class=\"elementor-element elementor-element-31a9189 elementor-hidden-mobile elementor-widget elementor-widget-image\" data-id=\"31a9189\" data-element_type=\"widget\" data-widget_type=\"image.default\">\n\t\t\t\t<div class=\"elementor-widget-container\">\n\t\t\t\t\t\t\t\t\t\t\t\t\t\t\t<img decoding=\"async\" src=\"http:\/\/diacorporate.tribecamedia.com\/wp-content\/uploads\/2023\/02\/Dia-values-d.jpg\" title=\"Dia Group Values\" alt=\"Dia Group Values\" loading=\"lazy\" \/>\t\t\t\t\t\t\t\t\t\t\t\t\t\t\t<\/div>\n\t\t\t\t<\/div>\n\t\t\t\t<div class=\"elementor-element elementor-element-252fa58 elementor-hidden-desktop elementor-hidden-tablet elementor-widget elementor-widget-image\" data-id=\"252fa58\" data-element_type=\"widget\" data-widget_type=\"image.default\">\n\t\t\t\t<div class=\"elementor-widget-container\">\n\t\t\t\t\t\t\t\t\t\t\t\t\t\t\t<img decoding=\"async\" src=\"http:\/\/diacorporate.tribecamedia.com\/wp-content\/uploads\/2023\/02\/Dia-Values-m.jpg\" title=\"Dia Group Values m\" alt=\"Dia Group Values m\" loading=\"lazy\" \/>\t\t\t\t\t\t\t\t\t\t\t\t\t\t\t<\/div>\n\t\t\t\t<\/div>\n\t\t\t\t\t<\/div>\n\t\t<\/div>\n\t\t\t\t\t<\/div>\n\t\t<\/section>\n\t\t\t\t<section class=\"elementor-section elementor-top-section elementor-element elementor-element-9b4ed28 elementor-section-content-middle elementor-section-stretched elementor-section-boxed elementor-section-height-default elementor-section-height-default\" data-id=\"9b4ed28\" data-element_type=\"section\" data-settings=\"{&quot;stretch_section&quot;:&quot;section-stretched&quot;}\">\n\t\t\t\t\t\t<div class=\"elementor-container elementor-column-gap-no\">\n\t\t\t\t\t<div class=\"elementor-column elementor-col-100 elementor-top-column elementor-element elementor-element-67dd437\" data-id=\"67dd437\" data-element_type=\"column\">\n\t\t\t<div class=\"elementor-widget-wrap elementor-element-populated\">\n\t\t\t\t\t\t<div class=\"elementor-element elementor-element-f211761 elementor-widget elementor-widget-heading\" data-id=\"f211761\" data-element_type=\"widget\" data-widget_type=\"heading.default\">\n\t\t\t\t<div class=\"elementor-widget-container\">\n\t\t\t\t\t<h1 class=\"elementor-heading-title elementor-size-default\">VALUES<\/h1>\t\t\t\t<\/div>\n\t\t\t\t<\/div>\n\t\t\t\t<div class=\"elementor-element elementor-element-8d26a25 elementor-widget-divider--view-line elementor-widget elementor-widget-divider\" data-id=\"8d26a25\" data-element_type=\"widget\" data-widget_type=\"divider.default\">\n\t\t\t\t<div class=\"elementor-widget-container\">\n\t\t\t\t\t\t\t<div class=\"elementor-divider\">\n\t\t\t<span class=\"elementor-divider-separator\">\n\t\t\t\t\t\t<\/span>\n\t\t<\/div>\n\t\t\t\t\t\t<\/div>\n\t\t\t\t<\/div>\n\t\t\t\t\t<\/div>\n\t\t<\/div>\n\t\t\t\t\t<\/div>\n\t\t<\/section>\n\t\t\t\t<section class=\"elementor-section elementor-top-section elementor-element elementor-element-06e3d08 elementor-section-content-middle elementor-section-stretched elementor-section-boxed elementor-section-height-default elementor-section-height-default\" data-id=\"06e3d08\" data-element_type=\"section\" data-settings=\"{&quot;stretch_section&quot;:&quot;section-stretched&quot;}\">\n\t\t\t\t\t\t<div class=\"elementor-container elementor-column-gap-no\">\n\t\t\t\t\t<div class=\"elementor-column elementor-col-100 elementor-top-column elementor-element elementor-element-2513deb\" data-id=\"2513deb\" data-element_type=\"column\">\n\t\t\t<div class=\"elementor-widget-wrap elementor-element-populated\">\n\t\t\t\t\t\t<div class=\"elementor-element elementor-element-d9d8841 parrafo-personas elementor-widget elementor-widget-text-editor\" data-id=\"d9d8841\" data-element_type=\"widget\" data-widget_type=\"text-editor.default\">\n\t\t\t\t<div class=\"elementor-widget-container\">\n\t\t\t\t\t\t\t\t\t<p class=\"p1\">We are a company that moves forward guided by its purpose, to be closer every day to offer high quality within everyone\u2019s reach, and driven by its values, which has allowed us to build a solid business that puts people at the centre. Learning is our engine for <b>growth<\/b> and we foster<b> collaboration<\/b> through authentic and trusting relationships; we are committed to <b>results<\/b>, and <b>simplicity<\/b> and value generation drive us to re-enamour the <b>customer<\/b> every day, our passion. This is our New Day.<\/p><p class=\"p1\">#CadaDiaMasCerca #NuevoDia<\/p>\t\t\t\t\t\t\t\t<\/div>\n\t\t\t\t<\/div>\n\t\t\t\t<div class=\"elementor-element elementor-element-84340f9 elementor-hidden-desktop elementor-hidden-tablet elementor-hidden-mobile elementor-widget elementor-widget-spacer\" data-id=\"84340f9\" data-element_type=\"widget\" data-widget_type=\"spacer.default\">\n\t\t\t\t<div class=\"elementor-widget-container\">\n\t\t\t\t\t\t\t<div class=\"elementor-spacer\">\n\t\t\t<div class=\"elementor-spacer-inner\"><\/div>\n\t\t<\/div>\n\t\t\t\t\t\t<\/div>\n\t\t\t\t<\/div>\n\t\t\t\t\t<\/div>\n\t\t<\/div>\n\t\t\t\t\t<\/div>\n\t\t<\/section>\n\t\t\t\t<section class=\"elementor-section elementor-top-section elementor-element elementor-element-c3598d9 elementor-section-full_width container-cuarta-seccion elementor-section-stretched elementor-hidden-mobile elementor-section-height-default elementor-section-height-default\" data-id=\"c3598d9\" data-element_type=\"section\" data-settings=\"{&quot;stretch_section&quot;:&quot;section-stretched&quot;}\">\n\t\t\t\t\t\t<div class=\"elementor-container elementor-column-gap-no\">\n\t\t\t\t\t<div class=\"elementor-column elementor-col-100 elementor-top-column elementor-element elementor-element-aeb0ffb\" data-id=\"aeb0ffb\" data-element_type=\"column\">\n\t\t\t<div class=\"elementor-widget-wrap elementor-element-populated\">\n\t\t\t\t\t\t<div class=\"elementor-element elementor-element-391e238 elementor-widget elementor-widget-image\" data-id=\"391e238\" data-element_type=\"widget\" data-widget_type=\"image.default\">\n\t\t\t\t<div class=\"elementor-widget-container\">\n\t\t\t\t\t\t\t\t\t\t\t\t\t\t\t\t<a href=\"https:\/\/www.youtube.com\/watch?v=vcOR1gGcT84\" target=\"_blank\">\n\t\t\t\t\t\t\t<img fetchpriority=\"high\" decoding=\"async\" width=\"1024\" height=\"278\" src=\"http:\/\/diacorporate.tribecamedia.com\/wp-content\/uploads\/2024\/09\/Mapa-valores-3-1024x278.png\" class=\"attachment-large size-large wp-image-50240\" alt=\"Dia Group Values map\" srcset=\"http:\/\/diacorporate.tribecamedia.com\/wp-content\/uploads\/2024\/09\/Mapa-valores-3-1024x278.png 1024w, http:\/\/diacorporate.tribecamedia.com\/wp-content\/uploads\/2024\/09\/Mapa-valores-3-300x82.png 300w, http:\/\/diacorporate.tribecamedia.com\/wp-content\/uploads\/2024\/09\/Mapa-valores-3-768x209.png 768w, http:\/\/diacorporate.tribecamedia.com\/wp-content\/uploads\/2024\/09\/Mapa-valores-3.png 1200w\" sizes=\"(max-width: 1024px) 100vw, 1024px\" \/>\t\t\t\t\t\t\t\t<\/a>\n\t\t\t\t\t\t\t\t\t\t\t\t\t\t\t<\/div>\n\t\t\t\t<\/div>\n\t\t\t\t<div class=\"elementor-element elementor-element-4a23ffc elementor-hidden-desktop elementor-hidden-tablet elementor-hidden-mobile elementor-widget elementor-widget-text-editor\" data-id=\"4a23ffc\" data-element_type=\"widget\" data-widget_type=\"text-editor.default\">\n\t\t\t\t<div class=\"elementor-widget-container\">\n\t\t\t\t\t\t\t\t\t<iframe src=\"https:\/\/view.genial.ly\/63d09d3c0832b6001818f837\" width=\"1080\" height=\"540 \"><\/iframe>\t\t\t\t\t\t\t\t<\/div>\n\t\t\t\t<\/div>\n\t\t\t\t\t<\/div>\n\t\t<\/div>\n\t\t\t\t\t<\/div>\n\t\t<\/section>\n\t\t\t\t<section class=\"elementor-section elementor-top-section elementor-element elementor-element-4e88f03 elementor-section-full_width container-cuarta-seccion elementor-section-stretched elementor-hidden-desktop elementor-hidden-tablet elementor-section-height-default elementor-section-height-default\" data-id=\"4e88f03\" data-element_type=\"section\" data-settings=\"{&quot;stretch_section&quot;:&quot;section-stretched&quot;}\">\n\t\t\t\t\t\t<div class=\"elementor-container elementor-column-gap-no\">\n\t\t\t\t\t<div class=\"elementor-column elementor-col-100 elementor-top-column elementor-element elementor-element-31601cc\" data-id=\"31601cc\" data-element_type=\"column\">\n\t\t\t<div class=\"elementor-widget-wrap elementor-element-populated\">\n\t\t\t\t\t\t<div class=\"elementor-element elementor-element-458c327 elementor-widget elementor-widget-text-editor\" data-id=\"458c327\" data-element_type=\"widget\" data-widget_type=\"text-editor.default\">\n\t\t\t\t<div class=\"elementor-widget-container\">\n\t\t\t\t\t\t\t\t\t<iframe src=\"https:\/\/view.genial.ly\/63d09d3c0832b6001818f837\" width=\"768\" height=\"300 \"><\/iframe>\t\t\t\t\t\t\t\t<\/div>\n\t\t\t\t<\/div>\n\t\t\t\t\t<\/div>\n\t\t<\/div>\n\t\t\t\t\t<\/div>\n\t\t<\/section>\n\t\t\t\t<section class=\"elementor-section elementor-top-section elementor-element elementor-element-2ec96d8 elementor-section-full_width container-seccion6 elementor-hidden-mobile elementor-section-height-default elementor-section-height-default\" data-id=\"2ec96d8\" data-element_type=\"section\" data-settings=\"{&quot;background_background&quot;:&quot;classic&quot;}\">\n\t\t\t\t\t\t\t<div class=\"elementor-background-overlay\"><\/div>\n\t\t\t\t\t\t\t<div class=\"elementor-container elementor-column-gap-no\">\n\t\t\t\t\t<div class=\"elementor-column elementor-col-100 elementor-top-column elementor-element elementor-element-1a411cf\" data-id=\"1a411cf\" data-element_type=\"column\" data-settings=\"{&quot;background_background&quot;:&quot;classic&quot;}\">\n\t\t\t<div class=\"elementor-widget-wrap elementor-element-populated\">\n\t\t\t\t\t\t<div class=\"elementor-element elementor-element-1586909 elementor-widget elementor-widget-spacer\" data-id=\"1586909\" data-element_type=\"widget\" data-widget_type=\"spacer.default\">\n\t\t\t\t<div class=\"elementor-widget-container\">\n\t\t\t\t\t\t\t<div class=\"elementor-spacer\">\n\t\t\t<div class=\"elementor-spacer-inner\"><\/div>\n\t\t<\/div>\n\t\t\t\t\t\t<\/div>\n\t\t\t\t<\/div>\n\t\t\t\t\t<\/div>\n\t\t<\/div>\n\t\t\t\t\t<\/div>\n\t\t<\/section>\n\t\t\t\t<section class=\"elementor-section elementor-top-section elementor-element elementor-element-5adb05 elementor-section-stretched subfooter-row animated-slow elementor-section-boxed elementor-section-height-default elementor-section-height-default elementor-invisible\" data-id=\"5adb05\" data-element_type=\"section\" data-settings=\"{&quot;stretch_section&quot;:&quot;section-stretched&quot;,&quot;background_background&quot;:&quot;classic&quot;,&quot;motion_fx_motion_fx_scrolling&quot;:&quot;yes&quot;,&quot;animation&quot;:&quot;fadeIn&quot;,&quot;animation_tablet&quot;:&quot;fadeIn&quot;,&quot;animation_mobile&quot;:&quot;fadeIn&quot;,&quot;motion_fx_devices&quot;:[&quot;desktop&quot;,&quot;tablet&quot;,&quot;mobile&quot;]}\">\n\t\t\t\t\t\t<div class=\"elementor-container elementor-column-gap-default\">\n\t\t\t\t\t<div class=\"elementor-column elementor-col-50 elementor-top-column elementor-element elementor-element-7e9e11cf\" data-id=\"7e9e11cf\" data-element_type=\"column\">\n\t\t\t<div class=\"elementor-widget-wrap elementor-element-populated\">\n\t\t\t\t\t\t<div class=\"elementor-element elementor-element-7aadbcd2 elementor-position-left elementor-vertical-align-middle elementor-widget elementor-widget-image-box\" data-id=\"7aadbcd2\" data-element_type=\"widget\" data-widget_type=\"image-box.default\">\n\t\t\t\t<div class=\"elementor-widget-container\">\n\t\t\t\t\t<div class=\"elementor-image-box-wrapper\"><figure class=\"elementor-image-box-img\"><a href=\"https:\/\/diacorporate.com\/franquicias\/\" tabindex=\"-1\"><img decoding=\"async\" width=\"187\" height=\"169\" src=\"http:\/\/diacorporate.tribecamedia.com\/wp-content\/uploads\/2021\/01\/sub-footer-cta9.png\" class=\"attachment-full size-full wp-image-5322\" alt=\"Sub footer cta9\" \/><\/a><\/figure><div class=\"elementor-image-box-content\"><div class=\"elementor-image-box-title\"><a href=\"https:\/\/diacorporate.com\/franquicias\/\">\u00daNETE A NUESTRA RED DE FRANQUICIAS<\/a><\/div><\/div><\/div>\t\t\t\t<\/div>\n\t\t\t\t<\/div>\n\t\t\t\t\t<\/div>\n\t\t<\/div>\n\t\t\t\t<div class=\"elementor-column elementor-col-50 elementor-top-column elementor-element elementor-element-41c30e3\" data-id=\"41c30e3\" data-element_type=\"column\">\n\t\t\t<div class=\"elementor-widget-wrap elementor-element-populated\">\n\t\t\t\t\t\t<div class=\"elementor-element elementor-element-23aa6d2b elementor-position-left elementor-vertical-align-middle elementor-widget elementor-widget-image-box\" data-id=\"23aa6d2b\" data-element_type=\"widget\" data-widget_type=\"image-box.default\">\n\t\t\t\t<div class=\"elementor-widget-container\">\n\t\t\t\t\t<div class=\"elementor-image-box-wrapper\"><figure class=\"elementor-image-box-img\"><a href=\"https:\/\/diacorporate.com\/en\/sustainable-vision\/\" tabindex=\"-1\"><img decoding=\"async\" width=\"186\" height=\"168\" src=\"http:\/\/diacorporate.tribecamedia.com\/wp-content\/uploads\/2021\/01\/sub-footer-cta4.png\" class=\"attachment-full size-full wp-image-5234\" alt=\"Conoce EL CONSEJO DE ADMINISTRACI\u00d3N\" \/><\/a><\/figure><div class=\"elementor-image-box-content\"><div class=\"elementor-image-box-title\"><a href=\"https:\/\/diacorporate.com\/en\/sustainable-vision\/\">AS\u00d3MATE A nuestrA VISI\u00d3N SOSTENIBLE<\/a><\/div><\/div><\/div>\t\t\t\t<\/div>\n\t\t\t\t<\/div>\n\t\t\t\t\t<\/div>\n\t\t<\/div>\n\t\t\t\t\t<\/div>\n\t\t<\/section>\n\t\t\t\t<\/div>\n\t\t","protected":false},"excerpt":{"rendered":"<p>VALUES We are a company that moves forward guided by its purpose, to be closer every day to offer high quality within everyone\u2019s reach, and driven by its values, which has allowed us to build a solid business that puts people at the centre. Learning is our engine for growth and we foster collaboration through&hellip;<\/p>\n","protected":false},"author":3,"featured_media":15117,"parent":0,"menu_order":0,"comment_status":"closed","ping_status":"closed","template":"elementor_header_footer","meta":{"footnotes":""},"class_list":["post-42356","page","type-page","status-publish","has-post-thumbnail","hentry"],"yoast_head":"<!-- This site is optimized with the Yoast SEO Premium plugin v26.2 (Yoast SEO v26.2) - https:\/\/yoast.com\/wordpress\/plugins\/seo\/ -->\n<title>Dia Group Values<\/title>\n<meta name=\"description\" content=\"Dia Group values moves guided by its purpose, to be closer every day to offer high quality within everyone\u2019s reach.\" \/>\n<meta name=\"robots\" content=\"index, follow, max-snippet:-1, max-image-preview:large, max-video-preview:-1\" \/>\n<link rel=\"canonical\" href=\"http:\/\/diacorporate.tribecamedia.com\/en\/values\/\" \/>\n<meta property=\"og:locale\" content=\"en_US\" \/>\n<meta property=\"og:type\" content=\"article\" \/>\n<meta property=\"og:title\" content=\"Values\" \/>\n<meta property=\"og:description\" content=\"Dia Group values moves guided by its purpose, to be closer every day to offer high quality within everyone\u2019s reach.\" \/>\n<meta property=\"og:url\" content=\"http:\/\/diacorporate.tribecamedia.com\/en\/values\/\" \/>\n<meta property=\"og:site_name\" content=\"D\u00eda\" \/>\n<meta property=\"article:modified_time\" content=\"2024-09-03T13:59:10+00:00\" \/>\n<meta property=\"og:image\" content=\"http:\/\/diacorporate.tribecamedia.com\/wp-content\/uploads\/2021\/02\/dia-noticias.png\" \/>\n\t<meta property=\"og:image:width\" content=\"461\" \/>\n\t<meta property=\"og:image:height\" content=\"300\" \/>\n\t<meta property=\"og:image:type\" content=\"image\/png\" \/>\n<meta name=\"twitter:card\" content=\"summary_large_image\" \/>\n<meta name=\"twitter:label1\" content=\"Est. reading time\" \/>\n\t<meta name=\"twitter:data1\" content=\"2 minutes\" \/>\n<script type=\"application\/ld+json\" class=\"yoast-schema-graph\">{\"@context\":\"https:\/\/schema.org\",\"@graph\":[{\"@type\":\"WebPage\",\"@id\":\"http:\/\/diacorporate.tribecamedia.com\/en\/values\/\",\"url\":\"http:\/\/diacorporate.tribecamedia.com\/en\/values\/\",\"name\":\"Dia Group Values\",\"isPartOf\":{\"@id\":\"http:\/\/diacorporate.tribecamedia.com\/en\/#website\"},\"primaryImageOfPage\":{\"@id\":\"http:\/\/diacorporate.tribecamedia.com\/en\/values\/#primaryimage\"},\"image\":{\"@id\":\"http:\/\/diacorporate.tribecamedia.com\/en\/values\/#primaryimage\"},\"thumbnailUrl\":\"http:\/\/diacorporate.tribecamedia.com\/wp-content\/uploads\/2021\/02\/dia-noticias.png\",\"datePublished\":\"2023-02-13T10:41:59+00:00\",\"dateModified\":\"2024-09-03T13:59:10+00:00\",\"description\":\"Dia Group values moves guided by its purpose, to be closer every day to offer high quality within everyone\u2019s reach.\",\"inLanguage\":\"en-US\",\"potentialAction\":[{\"@type\":\"ReadAction\",\"target\":[\"http:\/\/diacorporate.tribecamedia.com\/en\/values\/\"]}]},{\"@type\":\"ImageObject\",\"inLanguage\":\"en-US\",\"@id\":\"http:\/\/diacorporate.tribecamedia.com\/en\/values\/#primaryimage\",\"url\":\"http:\/\/diacorporate.tribecamedia.com\/wp-content\/uploads\/2021\/02\/dia-noticias.png\",\"contentUrl\":\"http:\/\/diacorporate.tribecamedia.com\/wp-content\/uploads\/2021\/02\/dia-noticias.png\",\"width\":461,\"height\":300,\"caption\":\"DIA News\"},{\"@type\":\"WebSite\",\"@id\":\"http:\/\/diacorporate.tribecamedia.com\/en\/#website\",\"url\":\"http:\/\/diacorporate.tribecamedia.com\/en\/\",\"name\":\"D\u00eda\",\"description\":\"En esta p\u00e1gina encontrar\u00e1s toda la informaci\u00f3n actualizada de Grupo Dia en el mundo\",\"publisher\":{\"@id\":\"http:\/\/diacorporate.tribecamedia.com\/en\/#organization\"},\"potentialAction\":[{\"@type\":\"SearchAction\",\"target\":{\"@type\":\"EntryPoint\",\"urlTemplate\":\"http:\/\/diacorporate.tribecamedia.com\/en\/?s={search_term_string}\"},\"query-input\":{\"@type\":\"PropertyValueSpecification\",\"valueRequired\":true,\"valueName\":\"search_term_string\"}}],\"inLanguage\":\"en-US\"},{\"@type\":\"Organization\",\"@id\":\"http:\/\/diacorporate.tribecamedia.com\/en\/#organization\",\"name\":\"GRUPO DIA\",\"url\":\"http:\/\/diacorporate.tribecamedia.com\/en\/\",\"logo\":{\"@type\":\"ImageObject\",\"inLanguage\":\"en-US\",\"@id\":\"http:\/\/diacorporate.tribecamedia.com\/en\/#\/schema\/logo\/image\/\",\"url\":\"https:\/\/diacorporate.com\/wp-content\/uploads\/2021\/02\/dia.png\",\"contentUrl\":\"https:\/\/diacorporate.com\/wp-content\/uploads\/2021\/02\/dia.png\",\"width\":1048,\"height\":528,\"caption\":\"GRUPO DIA\"},\"image\":{\"@id\":\"http:\/\/diacorporate.tribecamedia.com\/en\/#\/schema\/logo\/image\/\"}}]}<\/script>\n<!-- \/ Yoast SEO Premium plugin. -->","yoast_head_json":{"title":"Dia Group Values","description":"Dia Group values moves guided by its purpose, to be closer every day to offer high quality within everyone\u2019s reach.","robots":{"index":"index","follow":"follow","max-snippet":"max-snippet:-1","max-image-preview":"max-image-preview:large","max-video-preview":"max-video-preview:-1"},"canonical":"http:\/\/diacorporate.tribecamedia.com\/en\/values\/","og_locale":"en_US","og_type":"article","og_title":"Values","og_description":"Dia Group values moves guided by its purpose, to be closer every day to offer high quality within everyone\u2019s reach.","og_url":"http:\/\/diacorporate.tribecamedia.com\/en\/values\/","og_site_name":"D\u00eda","article_modified_time":"2024-09-03T13:59:10+00:00","og_image":[{"width":461,"height":300,"url":"http:\/\/diacorporate.tribecamedia.com\/wp-content\/uploads\/2021\/02\/dia-noticias.png","type":"image\/png"}],"twitter_card":"summary_large_image","twitter_misc":{"Est. reading time":"2 minutes"},"schema":{"@context":"https:\/\/schema.org","@graph":[{"@type":"WebPage","@id":"http:\/\/diacorporate.tribecamedia.com\/en\/values\/","url":"http:\/\/diacorporate.tribecamedia.com\/en\/values\/","name":"Dia Group Values","isPartOf":{"@id":"http:\/\/diacorporate.tribecamedia.com\/en\/#website"},"primaryImageOfPage":{"@id":"http:\/\/diacorporate.tribecamedia.com\/en\/values\/#primaryimage"},"image":{"@id":"http:\/\/diacorporate.tribecamedia.com\/en\/values\/#primaryimage"},"thumbnailUrl":"http:\/\/diacorporate.tribecamedia.com\/wp-content\/uploads\/2021\/02\/dia-noticias.png","datePublished":"2023-02-13T10:41:59+00:00","dateModified":"2024-09-03T13:59:10+00:00","description":"Dia Group values moves guided by its purpose, to be closer every day to offer high quality within everyone\u2019s reach.","inLanguage":"en-US","potentialAction":[{"@type":"ReadAction","target":["http:\/\/diacorporate.tribecamedia.com\/en\/values\/"]}]},{"@type":"ImageObject","inLanguage":"en-US","@id":"http:\/\/diacorporate.tribecamedia.com\/en\/values\/#primaryimage","url":"http:\/\/diacorporate.tribecamedia.com\/wp-content\/uploads\/2021\/02\/dia-noticias.png","contentUrl":"http:\/\/diacorporate.tribecamedia.com\/wp-content\/uploads\/2021\/02\/dia-noticias.png","width":461,"height":300,"caption":"DIA News"},{"@type":"WebSite","@id":"http:\/\/diacorporate.tribecamedia.com\/en\/#website","url":"http:\/\/diacorporate.tribecamedia.com\/en\/","name":"D\u00eda","description":"En esta p\u00e1gina encontrar\u00e1s toda la informaci\u00f3n actualizada de Grupo Dia en el mundo","publisher":{"@id":"http:\/\/diacorporate.tribecamedia.com\/en\/#organization"},"potentialAction":[{"@type":"SearchAction","target":{"@type":"EntryPoint","urlTemplate":"http:\/\/diacorporate.tribecamedia.com\/en\/?s={search_term_string}"},"query-input":{"@type":"PropertyValueSpecification","valueRequired":true,"valueName":"search_term_string"}}],"inLanguage":"en-US"},{"@type":"Organization","@id":"http:\/\/diacorporate.tribecamedia.com\/en\/#organization","name":"GRUPO DIA","url":"http:\/\/diacorporate.tribecamedia.com\/en\/","logo":{"@type":"ImageObject","inLanguage":"en-US","@id":"http:\/\/diacorporate.tribecamedia.com\/en\/#\/schema\/logo\/image\/","url":"https:\/\/diacorporate.com\/wp-content\/uploads\/2021\/02\/dia.png","contentUrl":"https:\/\/diacorporate.com\/wp-content\/uploads\/2021\/02\/dia.png","width":1048,"height":528,"caption":"GRUPO DIA"},"image":{"@id":"http:\/\/diacorporate.tribecamedia.com\/en\/#\/schema\/logo\/image\/"}}]}},"_links":{"self":[{"href":"http:\/\/diacorporate.tribecamedia.com\/en\/wp-json\/wp\/v2\/pages\/42356","targetHints":{"allow":["GET"]}}],"collection":[{"href":"http:\/\/diacorporate.tribecamedia.com\/en\/wp-json\/wp\/v2\/pages"}],"about":[{"href":"http:\/\/diacorporate.tribecamedia.com\/en\/wp-json\/wp\/v2\/types\/page"}],"author":[{"embeddable":true,"href":"http:\/\/diacorporate.tribecamedia.com\/en\/wp-json\/wp\/v2\/users\/3"}],"replies":[{"embeddable":true,"href":"http:\/\/diacorporate.tribecamedia.com\/en\/wp-json\/wp\/v2\/comments?post=42356"}],"version-history":[{"count":3,"href":"http:\/\/diacorporate.tribecamedia.com\/en\/wp-json\/wp\/v2\/pages\/42356\/revisions"}],"predecessor-version":[{"id":50246,"href":"http:\/\/diacorporate.tribecamedia.com\/en\/wp-json\/wp\/v2\/pages\/42356\/revisions\/50246"}],"wp:featuredmedia":[{"embeddable":true,"href":"http:\/\/diacorporate.tribecamedia.com\/en\/wp-json\/wp\/v2\/media\/15117"}],"wp:attachment":[{"href":"http:\/\/diacorporate.tribecamedia.com\/en\/wp-json\/wp\/v2\/media?parent=42356"}],"curies":[{"name":"wp","href":"https:\/\/api.w.org\/{rel}","templated":true}]}}